{"id":7076,"date":"2026-03-24T18:11:44","date_gmt":"2026-03-24T17:11:44","guid":{"rendered":"https:\/\/1tile.store\/?post_type=product&#038;p=7076"},"modified":"2026-03-24T18:24:08","modified_gmt":"2026-03-24T17:24:08","slug":"loco-maska-upcyklingowa","status":"publish","type":"product","link":"https:\/\/1tile.store\/upcycling%20art\/sklep\/loco-maska-upcyklingowa\/","title":{"rendered":"&#8222;Loco&#8221; maska upcyklingowa"},"content":{"rendered":"<p>&#8222;Loco&#8221; maska upcyklingowa wykonana z tkaniny, p\u0142yt CD i DVD, koralik\u00f3w i pi\u00f3rek, inspirowana meksyka\u0144sk\u0105 &#8222;kultur\u0105 \u015bmierci&#8221;<\/p>\n<p>jedyna w swoim rodzaju<\/p>\n<p>wymiary:<\/p>\n<p>d\u0142ugo\u015b\u0107 : 14 cm.<\/p>\n<p>d\u0142ugo\u015b\u0107 z pi\u00f3rkami : 19 cm.<\/p>\n<p>szeroko\u015b\u0107 w najszerszym miejscu : 12 cm<\/p>\n<p>szeroko\u015b\u0107 w najw\u0119\u017cszym miejscu : 10 cm.<\/p>\n<p>d\u0142ugo\u015b\u0107 gumki : 39 cm. jest mo\u017cliwo\u015b\u0107 regulacji<\/p>\n","protected":false},"excerpt":{"rendered":"<p>maska upcyklingowa<\/p>\n","protected":false},"featured_media":7079,"comment_status":"open","ping_status":"closed","template":"","meta":{"_uag_custom_page_level_css":"","site-sidebar-layout":"default","site-content-layout":"default","ast-site-content-layout":"default","site-content-style":"default","site-sidebar-style":"default","ast-global-header-display":"","ast-banner-title-visibility":"","ast-main-header-display":"","ast-hfb-above-header-display":"","ast-hfb-below-header-display":"","ast-hfb-mobile-header-display":"","site-post-title":"","ast-breadcrumbs-content":"","ast-featured-img":"","footer-sml-layout":"","ast-disable-related-posts":"","theme-transparent-header-meta":"default","adv-header-id-meta":"","stick-header-meta":"default","header-above-stick-meta":"","header-main-stick-meta":"","header-below-stick-meta":"","astra-migrate-meta-layouts":"set","ast-page-background-enabled":"default","ast-page-background-meta":{"desktop":{"background-color":"","background-image":"","background-repeat":"repeat","background-position":"center center","background-size":"auto","background-attachment":"scroll","background-type":"","background-media":"","overlay-type":"","overlay-color":"","overlay-opacity":"","overlay-gradient":""},"tablet":{"background-color":"","background-image":"","background-repeat":"repeat","background-position":"center center","background-size":"auto","background-attachment":"scroll","background-type":"","background-media":"","overlay-type":"","overlay-color":"","overlay-opacity":"","overlay-gradient":""},"mobile":{"background-color":"","background-image":"","background-repeat":"repeat","background-position":"center center","background-size":"auto","background-attachment":"scroll","background-type":"","background-media":"","overlay-type":"","overlay-color":"","overlay-opacity":"","overlay-gradient":""}},"ast-content-background-meta":{"desktop":{"background-color":"var(--ast-global-color-5)","background-image":"","background-repeat":"repeat","background-position":"center center","background-size":"auto","background-attachment":"scroll","background-type":"","background-media":"","overlay-type":"","overlay-color":"","overlay-opacity":"","overlay-gradient":""},"tablet":{"background-color":"var(--ast-global-color-5)","background-image":"","background-repeat":"repeat","background-position":"center center","background-size":"auto","background-attachment":"scroll","background-type":"","background-media":"","overlay-type":"","overlay-color":"","overlay-opacity":"","overlay-gradient":""},"mobile":{"background-color":"var(--ast-global-color-5)","background-image":"","background-repeat":"repeat","background-position":"center center","background-size":"auto","background-attachment":"scroll","background-type":"","background-media":"","overlay-type":"","overlay-color":"","overlay-opacity":"","overlay-gradient":""}}},"product_brand":[],"product_cat":[27],"product_tag":[],"class_list":{"0":"post-7076","1":"product","2":"type-product","3":"status-publish","4":"has-post-thumbnail","6":"product_cat-bizuteria","7":"desktop-align-center","8":"tablet-align-center","9":"mobile-align-center","10":"ast-product-gallery-layout-horizontal","11":"ast-magnify-disabled","12":"ast-product-tabs-layout-horizontal","13":"ast-qv-on-image","15":"first","16":"instock","17":"featured","18":"sold-individually","19":"shipping-taxable","20":"purchasable","21":"product-type-simple"},"uagb_featured_image_src":{"full":["https:\/\/i0.wp.com\/1tile.store\/wp-content\/uploads\/2026\/03\/maska1-scaled.jpeg?fit=2126%2C2560&ssl=1",2126,2560,false],"thumbnail":["https:\/\/i0.wp.com\/1tile.store\/wp-content\/uploads\/2026\/03\/maska1-scaled.jpeg?resize=150%2C150&ssl=1",150,150,true],"medium":["https:\/\/i0.wp.com\/1tile.store\/wp-content\/uploads\/2026\/03\/maska1-scaled.jpeg?fit=249%2C300&ssl=1",249,300,true],"medium_large":["https:\/\/i0.wp.com\/1tile.store\/wp-content\/uploads\/2026\/03\/maska1-scaled.jpeg?fit=768%2C925&ssl=1",768,925,true],"large":["https:\/\/i0.wp.com\/1tile.store\/wp-content\/uploads\/2026\/03\/maska1-scaled.jpeg?fit=851%2C1024&ssl=1",851,1024,true],"gs-tiny":["https:\/\/i0.wp.com\/1tile.store\/wp-content\/uploads\/2026\/03\/maska1-scaled.jpeg?fit=50%2C60&ssl=1",50,60,true],"xl":["https:\/\/i0.wp.com\/1tile.store\/wp-content\/uploads\/2026\/03\/maska1-scaled.jpeg?fit=1600%2C1926&ssl=1",1600,1926,true],"xxl":["https:\/\/i0.wp.com\/1tile.store\/wp-content\/uploads\/2026\/03\/maska1-scaled.jpeg?fit=2200%2C2649&ssl=1",2200,2649,true],"xxxl":["https:\/\/i0.wp.com\/1tile.store\/wp-content\/uploads\/2026\/03\/maska1-scaled.jpeg?fit=2126%2C2560&ssl=1",2126,2560,true],"xxxxl":["https:\/\/i0.wp.com\/1tile.store\/wp-content\/uploads\/2026\/03\/maska1-scaled.jpeg?fit=2126%2C2560&ssl=1",2126,2560,true],"xxxxxl":["https:\/\/i0.wp.com\/1tile.store\/wp-content\/uploads\/2026\/03\/maska1-scaled.jpeg?fit=2126%2C2560&ssl=1",2126,2560,true],"1536x1536":["https:\/\/i0.wp.com\/1tile.store\/wp-content\/uploads\/2026\/03\/maska1-scaled.jpeg?fit=1276%2C1536&ssl=1",1276,1536,true],"2048x2048":["https:\/\/i0.wp.com\/1tile.store\/wp-content\/uploads\/2026\/03\/maska1-scaled.jpeg?fit=1701%2C2048&ssl=1",1701,2048,true],"woocommerce_thumbnail":["https:\/\/i0.wp.com\/1tile.store\/wp-content\/uploads\/2026\/03\/maska1-scaled.jpeg?resize=400%2C400&ssl=1",400,400,true],"woocommerce_single":["https:\/\/i0.wp.com\/1tile.store\/wp-content\/uploads\/2026\/03\/maska1-scaled.jpeg?fit=600%2C722&ssl=1",600,722,true],"woocommerce_gallery_thumbnail":["https:\/\/i0.wp.com\/1tile.store\/wp-content\/uploads\/2026\/03\/maska1-scaled.jpeg?fit=249%2C300&ssl=1",249,300,true]},"uagb_author_info":{"display_name":"Agnieszka Boro\u0144 -Tkaczyk","author_link":"https:\/\/1tile.store\/upcycling%20art\/author\/"},"uagb_comment_info":0,"uagb_excerpt":"maska upcyklingowa","_links":{"self":[{"href":"https:\/\/1tile.store\/upcycling%20art\/wp-json\/wp\/v2\/product\/7076","targetHints":{"allow":["GET"]}}],"collection":[{"href":"https:\/\/1tile.store\/upcycling%20art\/wp-json\/wp\/v2\/product"}],"about":[{"href":"https:\/\/1tile.store\/upcycling%20art\/wp-json\/wp\/v2\/types\/product"}],"replies":[{"embeddable":true,"href":"https:\/\/1tile.store\/upcycling%20art\/wp-json\/wp\/v2\/comments?post=7076"}],"wp:featuredmedia":[{"embeddable":true,"href":"https:\/\/1tile.store\/upcycling%20art\/wp-json\/wp\/v2\/media\/7079"}],"wp:attachment":[{"href":"https:\/\/1tile.store\/upcycling%20art\/wp-json\/wp\/v2\/media?parent=7076"}],"wp:term":[{"taxonomy":"product_brand","embeddable":true,"href":"https:\/\/1tile.store\/upcycling%20art\/wp-json\/wp\/v2\/product_brand?post=7076"},{"taxonomy":"product_cat","embeddable":true,"href":"https:\/\/1tile.store\/upcycling%20art\/wp-json\/wp\/v2\/product_cat?post=7076"},{"taxonomy":"product_tag","embeddable":true,"href":"https:\/\/1tile.store\/upcycling%20art\/wp-json\/wp\/v2\/product_tag?post=7076"}],"curies":[{"name":"wp","href":"https:\/\/api.w.org\/{rel}","templated":true}]}}