{"id":6969,"date":"2026-01-21T19:11:52","date_gmt":"2026-01-21T18:11:52","guid":{"rendered":"https:\/\/1tile.store\/?post_type=product&#038;p=6969"},"modified":"2026-01-21T19:16:06","modified_gmt":"2026-01-21T18:16:06","slug":"szmaragdowy-upcyklingowy-wazon","status":"publish","type":"product","link":"https:\/\/1tile.store\/upcycling%20art\/sklep\/szmaragdowy-upcyklingowy-wazon\/","title":{"rendered":"&#8222;Szmaragdowy&#8221; upcyklingowy wazon"},"content":{"rendered":"<p>wazonik upcyklingowy &#8222;Szmaragdowy&#8221;<\/p>\n<p>pocz\u0105tek da\u0142 mu niechciany szklany wazon i mozaika z p\u0142yt CD i DVD<\/p>\n<p>wysoko\u015b\u0107: 19,5 cm<\/p>\n<p>&nbsp;<\/p>\n<p>dno &#8211; \u015brednica: 5,5 cm.<\/p>\n<p>otw\u00f3r g\u00f3rny &#8211; \u015brednica: 5 cm.<\/p>\n<p>&nbsp;<\/p>\n<p>&nbsp;<\/p>\n<p>materia\u0142y: szk\u0142o, polimer, p\u0142yty CD\/DVD<\/p>\n","protected":false},"excerpt":{"rendered":"<p>upcyklingowy wazon<\/p>\n","protected":false},"featured_media":6970,"comment_status":"open","ping_status":"closed","template":"","meta":{"_uag_custom_page_level_css":"","site-sidebar-layout":"default","site-content-layout":"","ast-site-content-layout":"default","site-content-style":"default","site-sidebar-style":"default","ast-global-header-display":"","ast-banner-title-visibility":"","ast-main-header-display":"","ast-hfb-above-header-display":"","ast-hfb-below-header-display":"","ast-hfb-mobile-header-display":"","site-post-title":"","ast-breadcrumbs-content":"","ast-featured-img":"","footer-sml-layout":"","ast-disable-related-posts":"","theme-transparent-header-meta":"default","adv-header-id-meta":"","stick-header-meta":"default","header-above-stick-meta":"","header-main-stick-meta":"","header-below-stick-meta":"","astra-migrate-meta-layouts":"set","ast-page-background-enabled":"default","ast-page-background-meta":{"desktop":{"background-color":"","background-image":"","background-repeat":"repeat","background-position":"center center","background-size":"auto","background-attachment":"scroll","background-type":"","background-media":"","overlay-type":"","overlay-color":"","overlay-opacity":"","overlay-gradient":""},"tablet":{"background-color":"","background-image":"","background-repeat":"repeat","background-position":"center center","background-size":"auto","background-attachment":"scroll","background-type":"","background-media":"","overlay-type":"","overlay-color":"","overlay-opacity":"","overlay-gradient":""},"mobile":{"background-color":"","background-image":"","background-repeat":"repeat","background-position":"center center","background-size":"auto","background-attachment":"scroll","background-type":"","background-media":"","overlay-type":"","overlay-color":"","overlay-opacity":"","overlay-gradient":""}},"ast-content-background-meta":{"desktop":{"background-color":"var(--ast-global-color-5)","background-image":"","background-repeat":"repeat","background-position":"center center","background-size":"auto","background-attachment":"scroll","background-type":"","background-media":"","overlay-type":"","overlay-color":"","overlay-opacity":"","overlay-gradient":""},"tablet":{"background-color":"var(--ast-global-color-5)","background-image":"","background-repeat":"repeat","background-position":"center center","background-size":"auto","background-attachment":"scroll","background-type":"","background-media":"","overlay-type":"","overlay-color":"","overlay-opacity":"","overlay-gradient":""},"mobile":{"background-color":"var(--ast-global-color-5)","background-image":"","background-repeat":"repeat","background-position":"center center","background-size":"auto","background-attachment":"scroll","background-type":"","background-media":"","overlay-type":"","overlay-color":"","overlay-opacity":"","overlay-gradient":""}}},"product_brand":[],"product_cat":[46],"product_tag":[],"class_list":{"0":"post-6969","1":"product","2":"type-product","3":"status-publish","4":"has-post-thumbnail","6":"product_cat-dom","7":"desktop-align-center","8":"tablet-align-center","9":"mobile-align-center","10":"ast-product-gallery-layout-horizontal","11":"ast-magnify-disabled","12":"ast-product-tabs-layout-horizontal","13":"ast-qv-on-image","15":"first","16":"instock","17":"shipping-taxable","18":"purchasable","19":"product-type-simple"},"uagb_featured_image_src":{"full":["https:\/\/i0.wp.com\/1tile.store\/wp-content\/uploads\/2026\/01\/zielony-wazon-scaled.jpeg?fit=1452%2C2560&ssl=1",1452,2560,false],"thumbnail":["https:\/\/i0.wp.com\/1tile.store\/wp-content\/uploads\/2026\/01\/zielony-wazon-scaled.jpeg?resize=150%2C150&ssl=1",150,150,true],"medium":["https:\/\/i0.wp.com\/1tile.store\/wp-content\/uploads\/2026\/01\/zielony-wazon-scaled.jpeg?fit=170%2C300&ssl=1",170,300,true],"medium_large":["https:\/\/i0.wp.com\/1tile.store\/wp-content\/uploads\/2026\/01\/zielony-wazon-scaled.jpeg?fit=768%2C1354&ssl=1",768,1354,true],"large":["https:\/\/i0.wp.com\/1tile.store\/wp-content\/uploads\/2026\/01\/zielony-wazon-scaled.jpeg?fit=581%2C1024&ssl=1",581,1024,true],"gs-tiny":["https:\/\/i0.wp.com\/1tile.store\/wp-content\/uploads\/2026\/01\/zielony-wazon-scaled.jpeg?fit=50%2C88&ssl=1",50,88,true],"xl":["https:\/\/i0.wp.com\/1tile.store\/wp-content\/uploads\/2026\/01\/zielony-wazon-scaled.jpeg?fit=1600%2C2821&ssl=1",1600,2821,true],"xxl":["https:\/\/i0.wp.com\/1tile.store\/wp-content\/uploads\/2026\/01\/zielony-wazon-scaled.jpeg?fit=1452%2C2560&ssl=1",1452,2560,true],"xxxl":["https:\/\/i0.wp.com\/1tile.store\/wp-content\/uploads\/2026\/01\/zielony-wazon-scaled.jpeg?fit=1452%2C2560&ssl=1",1452,2560,true],"xxxxl":["https:\/\/i0.wp.com\/1tile.store\/wp-content\/uploads\/2026\/01\/zielony-wazon-scaled.jpeg?fit=1452%2C2560&ssl=1",1452,2560,true],"xxxxxl":["https:\/\/i0.wp.com\/1tile.store\/wp-content\/uploads\/2026\/01\/zielony-wazon-scaled.jpeg?fit=1452%2C2560&ssl=1",1452,2560,true],"1536x1536":["https:\/\/i0.wp.com\/1tile.store\/wp-content\/uploads\/2026\/01\/zielony-wazon-scaled.jpeg?fit=871%2C1536&ssl=1",871,1536,true],"2048x2048":["https:\/\/i0.wp.com\/1tile.store\/wp-content\/uploads\/2026\/01\/zielony-wazon-scaled.jpeg?fit=1162%2C2048&ssl=1",1162,2048,true],"woocommerce_thumbnail":["https:\/\/i0.wp.com\/1tile.store\/wp-content\/uploads\/2026\/01\/zielony-wazon-scaled.jpeg?resize=400%2C400&ssl=1",400,400,true],"woocommerce_single":["https:\/\/i0.wp.com\/1tile.store\/wp-content\/uploads\/2026\/01\/zielony-wazon-scaled.jpeg?fit=600%2C1058&ssl=1",600,1058,true],"woocommerce_gallery_thumbnail":["https:\/\/i0.wp.com\/1tile.store\/wp-content\/uploads\/2026\/01\/zielony-wazon-scaled.jpeg?fit=170%2C300&ssl=1",170,300,true]},"uagb_author_info":{"display_name":"Agnieszka Boro\u0144 -Tkaczyk","author_link":"https:\/\/1tile.store\/upcycling%20art\/author\/"},"uagb_comment_info":0,"uagb_excerpt":"upcyklingowy wazon","_links":{"self":[{"href":"https:\/\/1tile.store\/upcycling%20art\/wp-json\/wp\/v2\/product\/6969","targetHints":{"allow":["GET"]}}],"collection":[{"href":"https:\/\/1tile.store\/upcycling%20art\/wp-json\/wp\/v2\/product"}],"about":[{"href":"https:\/\/1tile.store\/upcycling%20art\/wp-json\/wp\/v2\/types\/product"}],"replies":[{"embeddable":true,"href":"https:\/\/1tile.store\/upcycling%20art\/wp-json\/wp\/v2\/comments?post=6969"}],"wp:featuredmedia":[{"embeddable":true,"href":"https:\/\/1tile.store\/upcycling%20art\/wp-json\/wp\/v2\/media\/6970"}],"wp:attachment":[{"href":"https:\/\/1tile.store\/upcycling%20art\/wp-json\/wp\/v2\/media?parent=6969"}],"wp:term":[{"taxonomy":"product_brand","embeddable":true,"href":"https:\/\/1tile.store\/upcycling%20art\/wp-json\/wp\/v2\/product_brand?post=6969"},{"taxonomy":"product_cat","embeddable":true,"href":"https:\/\/1tile.store\/upcycling%20art\/wp-json\/wp\/v2\/product_cat?post=6969"},{"taxonomy":"product_tag","embeddable":true,"href":"https:\/\/1tile.store\/upcycling%20art\/wp-json\/wp\/v2\/product_tag?post=6969"}],"curies":[{"name":"wp","href":"https:\/\/api.w.org\/{rel}","templated":true}]}}