{"id":6927,"date":"2026-01-05T18:26:01","date_gmt":"2026-01-05T17:26:01","guid":{"rendered":"https:\/\/1tile.store\/?post_type=product&#038;p=6927"},"modified":"2026-01-05T18:32:20","modified_gmt":"2026-01-05T17:32:20","slug":"rita-felek-olej-na-plotnie","status":"publish","type":"product","link":"https:\/\/1tile.store\/upcycling%20art\/sklep\/rita-felek-olej-na-plotnie\/","title":{"rendered":"&#8222;Rita &#038; Felek &#8221; olej na p\u0142\u00f3tnie"},"content":{"rendered":"<p>&#8222;Rita &amp; Felek&#8221;<\/p>\n<p>olej na p\u0142\u00f3tnie<\/p>\n<p>praca wystawiona podczas kongresu polonijnego , cz\u0119\u015b\u0107 wystawy &#8222;I nostri bambini&#8221; w\u00a0 Soverato we W\u0142oszech<\/p>\n<p>&nbsp;<\/p>\n<p>Agnieszka Boro\u0144<\/p>\n<p>2025<\/p>\n<p>format : 70\/ 50 cm<\/p>\n<p>sygnowany\u00a0 z przodu i z ty\u0142u<\/p>\n","protected":false},"excerpt":{"rendered":"<p>olej na p\u0142\u00f3tnie<\/p>\n","protected":false},"featured_media":6928,"comment_status":"open","ping_status":"closed","template":"","meta":{"_uag_custom_page_level_css":"","site-sidebar-layout":"default","site-content-layout":"default","ast-site-content-layout":"default","site-content-style":"default","site-sidebar-style":"default","ast-global-header-display":"","ast-banner-title-visibility":"","ast-main-header-display":"","ast-hfb-above-header-display":"","ast-hfb-below-header-display":"","ast-hfb-mobile-header-display":"","site-post-title":"","ast-breadcrumbs-content":"","ast-featured-img":"","footer-sml-layout":"","ast-disable-related-posts":"","theme-transparent-header-meta":"default","adv-header-id-meta":"","stick-header-meta":"default","header-above-stick-meta":"","header-main-stick-meta":"","header-below-stick-meta":"","astra-migrate-meta-layouts":"set","ast-page-background-enabled":"default","ast-page-background-meta":{"desktop":{"background-color":"","background-image":"","background-repeat":"repeat","background-position":"center center","background-size":"auto","background-attachment":"scroll","background-type":"","background-media":"","overlay-type":"","overlay-color":"","overlay-opacity":"","overlay-gradient":""},"tablet":{"background-color":"","background-image":"","background-repeat":"repeat","background-position":"center center","background-size":"auto","background-attachment":"scroll","background-type":"","background-media":"","overlay-type":"","overlay-color":"","overlay-opacity":"","overlay-gradient":""},"mobile":{"background-color":"","background-image":"","background-repeat":"repeat","background-position":"center center","background-size":"auto","background-attachment":"scroll","background-type":"","background-media":"","overlay-type":"","overlay-color":"","overlay-opacity":"","overlay-gradient":""}},"ast-content-background-meta":{"desktop":{"background-color":"var(--ast-global-color-5)","background-image":"","background-repeat":"repeat","background-position":"center center","background-size":"auto","background-attachment":"scroll","background-type":"","background-media":"","overlay-type":"","overlay-color":"","overlay-opacity":"","overlay-gradient":""},"tablet":{"background-color":"var(--ast-global-color-5)","background-image":"","background-repeat":"repeat","background-position":"center center","background-size":"auto","background-attachment":"scroll","background-type":"","background-media":"","overlay-type":"","overlay-color":"","overlay-opacity":"","overlay-gradient":""},"mobile":{"background-color":"var(--ast-global-color-5)","background-image":"","background-repeat":"repeat","background-position":"center center","background-size":"auto","background-attachment":"scroll","background-type":"","background-media":"","overlay-type":"","overlay-color":"","overlay-opacity":"","overlay-gradient":""}}},"product_brand":[],"product_cat":[43,46],"product_tag":[],"class_list":{"0":"post-6927","1":"product","2":"type-product","3":"status-publish","4":"has-post-thumbnail","6":"product_cat-malarstwo","7":"product_cat-dom","8":"desktop-align-center","9":"tablet-align-center","10":"mobile-align-center","11":"ast-product-gallery-layout-horizontal","12":"ast-magnify-disabled","13":"ast-product-tabs-layout-horizontal","14":"ast-qv-on-image","16":"first","17":"instock","18":"sold-individually","19":"shipping-taxable","20":"purchasable","21":"product-type-simple"},"uagb_featured_image_src":{"full":["https:\/\/i0.wp.com\/1tile.store\/wp-content\/uploads\/2026\/01\/rita1-scaled.jpeg?fit=1800%2C2560&ssl=1",1800,2560,false],"thumbnail":["https:\/\/i0.wp.com\/1tile.store\/wp-content\/uploads\/2026\/01\/rita1-scaled.jpeg?resize=150%2C150&ssl=1",150,150,true],"medium":["https:\/\/i0.wp.com\/1tile.store\/wp-content\/uploads\/2026\/01\/rita1-scaled.jpeg?fit=211%2C300&ssl=1",211,300,true],"medium_large":["https:\/\/i0.wp.com\/1tile.store\/wp-content\/uploads\/2026\/01\/rita1-scaled.jpeg?fit=768%2C1092&ssl=1",768,1092,true],"large":["https:\/\/i0.wp.com\/1tile.store\/wp-content\/uploads\/2026\/01\/rita1-scaled.jpeg?fit=720%2C1024&ssl=1",720,1024,true],"gs-tiny":["https:\/\/i0.wp.com\/1tile.store\/wp-content\/uploads\/2026\/01\/rita1-scaled.jpeg?fit=50%2C71&ssl=1",50,71,true],"xl":["https:\/\/i0.wp.com\/1tile.store\/wp-content\/uploads\/2026\/01\/rita1-scaled.jpeg?fit=1600%2C2276&ssl=1",1600,2276,true],"xxl":["https:\/\/i0.wp.com\/1tile.store\/wp-content\/uploads\/2026\/01\/rita1-scaled.jpeg?fit=2200%2C3129&ssl=1",2200,3129,true],"xxxl":["https:\/\/i0.wp.com\/1tile.store\/wp-content\/uploads\/2026\/01\/rita1-scaled.jpeg?fit=1800%2C2560&ssl=1",1800,2560,true],"xxxxl":["https:\/\/i0.wp.com\/1tile.store\/wp-content\/uploads\/2026\/01\/rita1-scaled.jpeg?fit=1800%2C2560&ssl=1",1800,2560,true],"xxxxxl":["https:\/\/i0.wp.com\/1tile.store\/wp-content\/uploads\/2026\/01\/rita1-scaled.jpeg?fit=1800%2C2560&ssl=1",1800,2560,true],"1536x1536":["https:\/\/i0.wp.com\/1tile.store\/wp-content\/uploads\/2026\/01\/rita1-scaled.jpeg?fit=1080%2C1536&ssl=1",1080,1536,true],"2048x2048":["https:\/\/i0.wp.com\/1tile.store\/wp-content\/uploads\/2026\/01\/rita1-scaled.jpeg?fit=1440%2C2048&ssl=1",1440,2048,true],"woocommerce_thumbnail":["https:\/\/i0.wp.com\/1tile.store\/wp-content\/uploads\/2026\/01\/rita1-scaled.jpeg?resize=400%2C400&ssl=1",400,400,true],"woocommerce_single":["https:\/\/i0.wp.com\/1tile.store\/wp-content\/uploads\/2026\/01\/rita1-scaled.jpeg?fit=600%2C853&ssl=1",600,853,true],"woocommerce_gallery_thumbnail":["https:\/\/i0.wp.com\/1tile.store\/wp-content\/uploads\/2026\/01\/rita1-scaled.jpeg?fit=211%2C300&ssl=1",211,300,true]},"uagb_author_info":{"display_name":"Agnieszka Boro\u0144 -Tkaczyk","author_link":"https:\/\/1tile.store\/upcycling%20art\/author\/"},"uagb_comment_info":0,"uagb_excerpt":"olej na p\u0142\u00f3tnie","_links":{"self":[{"href":"https:\/\/1tile.store\/upcycling%20art\/wp-json\/wp\/v2\/product\/6927","targetHints":{"allow":["GET"]}}],"collection":[{"href":"https:\/\/1tile.store\/upcycling%20art\/wp-json\/wp\/v2\/product"}],"about":[{"href":"https:\/\/1tile.store\/upcycling%20art\/wp-json\/wp\/v2\/types\/product"}],"replies":[{"embeddable":true,"href":"https:\/\/1tile.store\/upcycling%20art\/wp-json\/wp\/v2\/comments?post=6927"}],"wp:featuredmedia":[{"embeddable":true,"href":"https:\/\/1tile.store\/upcycling%20art\/wp-json\/wp\/v2\/media\/6928"}],"wp:attachment":[{"href":"https:\/\/1tile.store\/upcycling%20art\/wp-json\/wp\/v2\/media?parent=6927"}],"wp:term":[{"taxonomy":"product_brand","embeddable":true,"href":"https:\/\/1tile.store\/upcycling%20art\/wp-json\/wp\/v2\/product_brand?post=6927"},{"taxonomy":"product_cat","embeddable":true,"href":"https:\/\/1tile.store\/upcycling%20art\/wp-json\/wp\/v2\/product_cat?post=6927"},{"taxonomy":"product_tag","embeddable":true,"href":"https:\/\/1tile.store\/upcycling%20art\/wp-json\/wp\/v2\/product_tag?post=6927"}],"curies":[{"name":"wp","href":"https:\/\/api.w.org\/{rel}","templated":true}]}}