{"id":5677,"date":"2024-11-22T21:42:52","date_gmt":"2024-11-22T20:42:52","guid":{"rendered":"https:\/\/1tile.store\/?page_id=5677"},"modified":"2024-12-05T11:45:01","modified_gmt":"2024-12-05T10:45:01","slug":"polityka-prywatnosci-2","status":"publish","type":"page","link":"https:\/\/1tile.store\/upcycling%20art\/polityka-prywatnosci-2\/","title":{"rendered":"polityka cookies"},"content":{"rendered":"\n<div class=\"wp-block-group alignfull has-white-background-color has-background is-layout-flow wp-block-group-is-layout-flow\"><div class=\"wp-block-group__inner-container\">\n<h1 class=\"wp-block-heading has-text-align-center has-vivid-cyan-blue-color has-text-color has-link-color has-large-font-size wp-elements-302d84f133130e3fb853929f4193f7b3\">Polityka cookies<\/h1>\n<\/div><\/div>\n\n\n\n<div class=\"wp-block-group alignfull has-background is-layout-flow wp-block-group-is-layout-flow\" style=\"background-color:#f8f6f3\"><div class=\"wp-block-group__inner-container\">\n<div class=\"wp-block-columns are-vertically-aligned-center is-layout-flex wp-container-core-columns-is-layout-28f84493 wp-block-columns-is-layout-flex\">\n<div class=\"wp-block-column is-vertically-aligned-center is-layout-flow wp-block-column-is-layout-flow\">\n<p class=\"has-text-align-center has-vivid-red-color has-text-color has-medium-font-size\">Informacje og\u00f3lne<\/p>\n\n\n\n<pre class=\"wp-block-verse has-text-align-center has-text-color has-link-color wp-elements-6ef5e159bb3db3100824f92fb34920f3\" style=\"color:#541d87\">Polityka plik\u00f3w \u201ccookies\u201d serwisu 1tile.store <br>1. Poprzez piki \u201ccookies\u201d nale\u017cy rozumie\u0107 dane informatyczne przechowywane w         <br>urz\u0105dzeniach ko\u0144cowych u\u017cytkownik\u00f3w, przeznaczone do korzystania ze stron        <br>internetowych. W szczeg\u00f3lno\u015bci s\u0105 to pliki tekstowe, zawieraj\u0105ce nazw\u0119 strony          <br>internetowej z kt\u00f3rej pochodz\u0105, czas przechowywania<br>ich na urz\u0105dzeniu ko\u0144cowym          <br>oraz unikalny numer. <br>2. Serwis nie zbiera w spos\u00f3b automatyczny \u017cadnych informacji, z wyj\u0105tkiem informacji           <br>zawartych w plikach cookies. <br>3. Pliki cookies przeznaczone s\u0105 do korzystania ze stron serwisu. <br>Operator wykorzystuje te pliki do:      <br> <br>1. mo\u017cliwo\u015bci logowania i utrzymywania sesji u\u017cytkownika na ka\u017cdej kolejnej stronie          <br>serwisu <br>2. dopasowania zawarto\u015bci strony internetowej do indywidualnych preferencji       <br>u\u017cytkownika, przede wszystkim pliki te rozpoznaj\u0105 jego urz\u0105dzenie, aby zgodnie z           <br>jego preferencjami wy\u015bwietli\u0107 stron\u0119 <br>3. do tworzenia anonimowych statystyk z wy\u0142\u0105czeniem mo\u017cliwo\u015bci identyfikacji        <br>u\u017cytkownika.  <br>4. Pliki cookies wykorzystywane przez partner\u00f3w operatora strony internetowej, w tym w            <br>szczeg\u00f3lno\u015bci u\u017cytkownik\u00f3w strony internetowej,<br> podlegaj\u0105 ich w\u0142asnej polityce  prywatno\u015bci    <br>5. W trosce o bezpiecze\u0144stwo powierzonych nam danych opracowali\u015bmy wewn\u0119trzne          <br>procedury i zalecenia, kt\u00f3re maj\u0105 zapobiec udost\u0119pnieniu danych osobom         <br>nieupowa\u017cnionym. Kontrolujemy ich wykonywanie i stale sprawdzamy ich zgodno\u015b\u0107         <br>z odpowiednimi aktami prawnymi -ustaw\u0105 o ochronie danych osobowych, ustaw\u0105 o            <br>\u015bwiadczeniu us\u0142ug drog\u0105 elektroniczn\u0105, a tak\u017ce wszelkiego rodzaju aktach         <br>wykonawczych i aktach prawa wsp\u00f3lnotowego. <br>6. Standardowo oprogramowanie s\u0142u\u017c\u0105ce do przegl\u0105dania stron internetowych        <br>domy\u015blnie dopuszcza umieszczanie plik\u00f3w cookies na urz\u0105dzeniu ko\u0144cowym        <br>U\u017cytkownika. Ustawienia te mog\u0105 zosta\u0107 zmienione przez U\u017cytkownika w taki          <br>spos\u00f3b, aby blokowa\u0107 automatyczn\u0105 obs\u0142ug\u0119 \u201ccookies\u201d w ustawieniach przegl\u0105darki         <br>internetowej b\u0105d\u017a informowa\u0107 o ich ka\u017cdorazowym przes\u0142aniu na urz\u0105dzenia         <br>u\u017cytkownika.  <br>7. U\u017cytkownicy Serwisu mog\u0105 dokona\u0107 w ka\u017cdym czasie zmiany ustawie\u0144 dotycz\u0105cych          <br>plik\u00f3w cookies. Szczeg\u00f3\u0142owe informacje o mo\u017cliwo\u015bci i sposobach obs\u0142ugi plik\u00f3w          <br>cookies dost\u0119pne s\u0105 w ustawieniach oprogramowania (przegl\u0105darki internetowej). <br> Przyk\u0142adowe opcje edytowania w popularnych przegl\u0105darkach: <br> -Mozilla Firefox: www.support.mozilla.org\/pl\/kb\/ciasteczka <br>-Internet Explorer: www.support.microsoft.com\/kb\/278835\/pl -Google Chrome: <br> www.support.google.com\/chrome\/bin\/answer.py?hl=pl&amp;answer=95647 -Safari: <br>www.safari.helpmax.net\/pl\/oszczedzanie-czasu\/blokowanie-zawartosci\/ <br><br>8. Operator Serwisu informuje, \u017ce zmiany ustawie\u0144 w przegl\u0105darce internetowej          <br>u\u017cytkownika mog\u0105 uniemo\u017cliwi\u0107 poprawne dzia\u0142anie stron internetowych.<\/pre>\n\n\n\n<pre class=\"wp-block-verse has-text-align-center has-text-color has-link-color wp-elements-ac8d1ece26a3e662ee3aa912d49de8cc\" style=\"color:#541d87\"><br>Data ostatniej aktualizacji: 22.11.2014<br><br><\/pre>\n\n\n\n<p class=\"has-text-align-center\"><\/p>\n<\/div>\n<\/div>\n<\/div><\/div>\n\n\n\n<div class=\"wp-block-cover alignfull is-light\"><span aria-hidden=\"true\" class=\"wp-block-cover__background has-white-background-color has-background-dim-70 has-background-dim\"><\/span><img data-recalc-dims=\"1\" decoding=\"async\" class=\"wp-block-cover__image-background wp-image-3627\" alt=\"\" src=\"https:\/\/i0.wp.com\/1tile.store\/wp-content\/uploads\/2020\/09\/leaves-bg.jpg\" style=\"object-position:73% 62%\" data-object-fit=\"cover\" data-object-position=\"73% 62%\"\/><div class=\"wp-block-cover__inner-container is-layout-flow wp-block-cover-is-layout-flow\">\n<p class=\"has-text-align-center has-large-font-size\"><\/p>\n<\/div><\/div>\n\n\n\n<p><\/p>\n","protected":false},"excerpt":{"rendered":"<p>Polityka cookies Informacje og\u00f3lne Polityka plik\u00f3w \u201ccookies\u201d serwisu 1tile.store 1. Poprzez piki \u201ccookies\u201d nale\u017cy rozumie\u0107 dane informatyczne przechowywane w urz\u0105dzeniach ko\u0144cowych u\u017cytkownik\u00f3w, przeznaczone do korzystania ze stron internetowych. W szczeg\u00f3lno\u015bci s\u0105 to pliki tekstowe, zawieraj\u0105ce nazw\u0119 strony internetowej z kt\u00f3rej pochodz\u0105, czas przechowywaniaich na urz\u0105dzeniu ko\u0144cowym oraz unikalny numer. 2. Serwis nie zbiera w spos\u00f3b [&hellip;]<\/p>\n","protected":false},"author":3,"featured_media":0,"parent":0,"menu_order":0,"comment_status":"closed","ping_status":"closed","template":"","meta":{"_uag_custom_page_level_css":"","site-sidebar-layout":"default","site-content-layout":"","ast-site-content-layout":"default","site-content-style":"default","site-sidebar-style":"default","ast-global-header-display":"","ast-banner-title-visibility":"","ast-main-header-display":"","ast-hfb-above-header-display":"","ast-hfb-below-header-display":"","ast-hfb-mobile-header-display":"","site-post-title":"disabled","ast-breadcrumbs-content":"","ast-featured-img":"","footer-sml-layout":"","ast-disable-related-posts":"","theme-transparent-header-meta":"","adv-header-id-meta":"","stick-header-meta":"","header-above-stick-meta":"","header-main-stick-meta":"","header-below-stick-meta":"","astra-migrate-meta-layouts":"set","ast-page-background-enabled":"default","ast-page-background-meta":{"desktop":{"background-color":"","background-image":"","background-repeat":"repeat","background-position":"center center","background-size":"auto","background-attachment":"scroll","background-type":"","background-media":"","overlay-type":"","overlay-color":"","overlay-gradient":""},"tablet":{"background-color":"","background-image":"","background-repeat":"repeat","background-position":"center center","background-size":"auto","background-attachment":"scroll","background-type":"","background-media":"","overlay-type":"","overlay-color":"","overlay-gradient":""},"mobile":{"background-color":"","background-image":"","background-repeat":"repeat","background-position":"center center","background-size":"auto","background-attachment":"scroll","background-type":"","background-media":"","overlay-type":"","overlay-color":"","overlay-gradient":""}},"ast-content-background-meta":{"desktop":{"background-color":"var(--ast-global-color-5)","background-image":"","background-repeat":"repeat","background-position":"center center","background-size":"auto","background-attachment":"scroll","background-type":"","background-media":"","overlay-type":"","overlay-color":"","overlay-gradient":""},"tablet":{"background-color":"var(--ast-global-color-5)","background-image":"","background-repeat":"repeat","background-position":"center center","background-size":"auto","background-attachment":"scroll","background-type":"","background-media":"","overlay-type":"","overlay-color":"","overlay-gradient":""},"mobile":{"background-color":"var(--ast-global-color-5)","background-image":"","background-repeat":"repeat","background-position":"center center","background-size":"auto","background-attachment":"scroll","background-type":"","background-media":"","overlay-type":"","overlay-color":"","overlay-gradient":""}},"footnotes":""},"class_list":["post-5677","page","type-page","status-publish","hentry"],"uagb_featured_image_src":{"full":false,"thumbnail":false,"medium":false,"medium_large":false,"large":false,"gs-tiny":false,"xl":false,"xxl":false,"xxxl":false,"xxxxl":false,"xxxxxl":false,"1536x1536":false,"2048x2048":false,"woocommerce_thumbnail":false,"woocommerce_single":false,"woocommerce_gallery_thumbnail":false},"uagb_author_info":{"display_name":"Agnieszka Boro\u0144 -Tkaczyk","author_link":"https:\/\/1tile.store\/upcycling%20art\/author\/0qpa7-p8pjul8yt4n\/"},"uagb_comment_info":0,"uagb_excerpt":"Polityka cookies Informacje og\u00f3lne Polityka plik\u00f3w \u201ccookies\u201d serwisu 1tile.store 1. Poprzez piki \u201ccookies\u201d nale\u017cy rozumie\u0107 dane informatyczne przechowywane w urz\u0105dzeniach ko\u0144cowych u\u017cytkownik\u00f3w, przeznaczone do korzystania ze stron internetowych. W szczeg\u00f3lno\u015bci s\u0105 to pliki tekstowe, zawieraj\u0105ce nazw\u0119 strony internetowej z kt\u00f3rej pochodz\u0105, czas przechowywaniaich na urz\u0105dzeniu ko\u0144cowym oraz unikalny numer. 2. Serwis nie zbiera w spos\u00f3b&hellip;","_links":{"self":[{"href":"https:\/\/1tile.store\/upcycling%20art\/wp-json\/wp\/v2\/pages\/5677","targetHints":{"allow":["GET"]}}],"collection":[{"href":"https:\/\/1tile.store\/upcycling%20art\/wp-json\/wp\/v2\/pages"}],"about":[{"href":"https:\/\/1tile.store\/upcycling%20art\/wp-json\/wp\/v2\/types\/page"}],"author":[{"embeddable":true,"href":"https:\/\/1tile.store\/upcycling%20art\/wp-json\/wp\/v2\/users\/3"}],"replies":[{"embeddable":true,"href":"https:\/\/1tile.store\/upcycling%20art\/wp-json\/wp\/v2\/comments?post=5677"}],"version-history":[{"count":5,"href":"https:\/\/1tile.store\/upcycling%20art\/wp-json\/wp\/v2\/pages\/5677\/revisions"}],"predecessor-version":[{"id":5699,"href":"https:\/\/1tile.store\/upcycling%20art\/wp-json\/wp\/v2\/pages\/5677\/revisions\/5699"}],"wp:attachment":[{"href":"https:\/\/1tile.store\/upcycling%20art\/wp-json\/wp\/v2\/media?parent=5677"}],"curies":[{"name":"wp","href":"https:\/\/api.w.org\/{rel}","templated":true}]}}