{"id":5541,"date":"2024-08-26T18:01:19","date_gmt":"2024-08-26T16:01:19","guid":{"rendered":"https:\/\/1tile.store\/?page_id=5541"},"modified":"2024-11-12T14:07:59","modified_gmt":"2024-11-12T13:07:59","slug":"wspolpraca-2","status":"publish","type":"page","link":"https:\/\/1tile.store\/upcycling%20art\/wspolpraca-2\/","title":{"rendered":"wsp\u00f3\u0142praca"},"content":{"rendered":"\n<div class=\"wp-block-cover alignfull has-custom-content-position is-position-top-center\"><span aria-hidden=\"true\" class=\"wp-block-cover__background has-white-background-color has-background-dim-100 has-background-dim\"><\/span><div class=\"wp-block-cover__inner-container is-layout-flow wp-block-cover-is-layout-flow\">\n<div class=\"wp-block-group alignfull is-nowrap is-layout-flex wp-container-core-group-is-layout-f66f9956 wp-block-group-is-layout-flex\">\n<div class=\"wp-block-columns is-layout-flex wp-container-core-columns-is-layout-28f84493 wp-block-columns-is-layout-flex\">\n<div class=\"wp-block-column is-layout-flow wp-block-column-is-layout-flow\" style=\"flex-basis:100%\">\n<div class=\"wp-block-group alignwide is-nowrap is-layout-flex wp-container-core-group-is-layout-6c531013 wp-block-group-is-layout-flex\">\n<div class=\"wp-block-media-text alignwide has-media-on-the-right is-stacked-on-mobile is-vertically-aligned-top\" style=\"grid-template-columns:auto 36%\"><div class=\"wp-block-media-text__content\">\n<h2 class=\"wp-block-heading has-text-align-right has-text-color has-link-color wp-elements-4678cdb04efabc6be93028213a603fda\" style=\"color:#f57107\"><sup>zrobimy co\u015b razem?<\/sup><\/h2>\n\n\n\n<div class=\"wp-block-columns are-vertically-aligned-top is-layout-flex wp-container-core-columns-is-layout-28f84493 wp-block-columns-is-layout-flex\">\n<div class=\"wp-block-column is-vertically-aligned-top is-layout-flow wp-block-column-is-layout-flow\" style=\"flex-basis:100%\">\n<div class=\"wp-block-uagb-container uagb-block-cf9e9e96 default uagb-is-root-container\">\n<p class=\"has-text-align-right has-text-color has-link-color has-medium-font-size wp-elements-01b72c184747a5fe84a75dafe59bef3f\" style=\"color:#7b6c57\">Spotkajmy si\u0119 razem robi\u0105c co\u015b fascynuj\u0105cego !<\/p>\n\n\n\n<p class=\"has-text-align-right has-text-color has-link-color has-medium-font-size wp-elements-4677906a05b249b7eca99a6abd9394ec\" style=\"color:#7b6c57\">Niezale\u017cnie od tego czym masz koncepcj\u0119 wsp\u00f3lnej imprezy na \u015bwie\u017cym powietrzu, <\/p>\n\n\n\n<p class=\"has-text-align-right has-text-color has-link-color has-medium-font-size wp-elements-1ae94f6a64cea47f7fa62289f36625a4\" style=\"color:#7b6c57\">poprowadzenia warsztat\u00f3w dla przedszkolak\u00f3w czy szkolenia z upcyklingu dla pracownik\u00f3w korpo- jeste\u015bmy z Tob\u0105!<\/p>\n\n\n\n<p class=\"has-text-align-right has-text-color has-link-color has-medium-font-size wp-elements-8862ba384bd07a1c068c89fbab819fe2\" style=\"color:#7b6c57\">Je\u015bli masz pomys\u0142 i ochot\u0119 na wsp\u00f3\u0142prac\u0119 koniecznie do nas napisz lub zadzwo\u0144! <\/p>\n<\/div>\n<\/div>\n<\/div>\n\n\n\n<p class=\"has-text-align-center has-text-color has-link-color has-medium-font-size wp-elements-1b99a99e16c074e95645ac9c8e2b46fa\" style=\"color:#872267\"><\/p>\n\n\n\n<p class=\"has-text-align-right has-text-color has-link-color has-medium-font-size wp-elements-6a4b0f7e311afbbc2b5e279bb081bdf9\" style=\"color:#872267\"><\/p>\n<\/div><figure class=\"wp-block-media-text__media\"><img data-recalc-dims=\"1\" loading=\"lazy\" decoding=\"async\" width=\"1024\" height=\"1024\" src=\"https:\/\/i0.wp.com\/1tile.store\/wp-content\/uploads\/2024\/06\/warsztaty.jpg?resize=1024%2C1024&#038;ssl=1\" alt=\"\" class=\"wp-image-5162 size-full\" srcset=\"https:\/\/i0.wp.com\/1tile.store\/wp-content\/uploads\/2024\/06\/warsztaty.jpg?resize=1024%2C1024&amp;ssl=1 1024w, https:\/\/i0.wp.com\/1tile.store\/wp-content\/uploads\/2024\/06\/warsztaty.jpg?resize=300%2C300&amp;ssl=1 300w, https:\/\/i0.wp.com\/1tile.store\/wp-content\/uploads\/2024\/06\/warsztaty.jpg?resize=150%2C150&amp;ssl=1 150w, https:\/\/i0.wp.com\/1tile.store\/wp-content\/uploads\/2024\/06\/warsztaty.jpg?resize=768%2C768&amp;ssl=1 768w, https:\/\/i0.wp.com\/1tile.store\/wp-content\/uploads\/2024\/06\/warsztaty.jpg?resize=50%2C50&amp;ssl=1 50w, https:\/\/i0.wp.com\/1tile.store\/wp-content\/uploads\/2024\/06\/warsztaty.jpg?resize=1600%2C1600&amp;ssl=1 1600w, https:\/\/i0.wp.com\/1tile.store\/wp-content\/uploads\/2024\/06\/warsztaty.jpg?resize=1536%2C1536&amp;ssl=1 1536w, https:\/\/i0.wp.com\/1tile.store\/wp-content\/uploads\/2024\/06\/warsztaty.jpg?resize=400%2C400&amp;ssl=1 400w, https:\/\/i0.wp.com\/1tile.store\/wp-content\/uploads\/2024\/06\/warsztaty.jpg?resize=600%2C600&amp;ssl=1 600w, https:\/\/i0.wp.com\/1tile.store\/wp-content\/uploads\/2024\/06\/warsztaty.jpg?w=2048&amp;ssl=1 2048w\" sizes=\"auto, (max-width: 1000px) 100vw, 1000px\" \/><\/figure><\/div>\n<\/div>\n<\/div>\n<\/div>\n<\/div>\n<\/div><\/div>\n\n\n\n<figure class=\"wp-block-image aligncenter size-full is-resized\"><img data-recalc-dims=\"1\" loading=\"lazy\" decoding=\"async\" width=\"300\" height=\"100\" src=\"https:\/\/i0.wp.com\/1tile.store\/wp-content\/uploads\/2024\/07\/przetwnik.jpg?resize=300%2C100&#038;ssl=1\" alt=\"\" class=\"wp-image-5284\" style=\"width:80px\" srcset=\"https:\/\/i0.wp.com\/1tile.store\/wp-content\/uploads\/2024\/07\/przetwnik.jpg?w=300&amp;ssl=1 300w, https:\/\/i0.wp.com\/1tile.store\/wp-content\/uploads\/2024\/07\/przetwnik.jpg?resize=50%2C17&amp;ssl=1 50w\" sizes=\"auto, (max-width: 300px) 100vw, 300px\" \/><\/figure>\n","protected":false},"excerpt":{"rendered":"","protected":false},"author":3,"featured_media":0,"parent":0,"menu_order":0,"comment_status":"closed","ping_status":"closed","template":"","meta":{"_uag_custom_page_level_css":"","site-sidebar-layout":"default","site-content-layout":"","ast-site-content-layout":"default","site-content-style":"default","site-sidebar-style":"default","ast-global-header-display":"","ast-banner-title-visibility":"","ast-main-header-display":"","ast-hfb-above-header-display":"","ast-hfb-below-header-display":"","ast-hfb-mobile-header-display":"","site-post-title":"disabled","ast-breadcrumbs-content":"","ast-featured-img":"","footer-sml-layout":"","ast-disable-related-posts":"","theme-transparent-header-meta":"","adv-header-id-meta":"","stick-header-meta":"","header-above-stick-meta":"","header-main-stick-meta":"","header-below-stick-meta":"","astra-migrate-meta-layouts":"set","ast-page-background-enabled":"default","ast-page-background-meta":{"desktop":{"background-color":"","background-image":"","background-repeat":"repeat","background-position":"center center","background-size":"auto","background-attachment":"scroll","background-type":"","background-media":"","overlay-type":"","overlay-color":"","overlay-opacity":"","overlay-gradient":""},"tablet":{"background-color":"","background-image":"","background-repeat":"repeat","background-position":"center center","background-size":"auto","background-attachment":"scroll","background-type":"","background-media":"","overlay-type":"","overlay-color":"","overlay-opacity":"","overlay-gradient":""},"mobile":{"background-color":"","background-image":"","background-repeat":"repeat","background-position":"center center","background-size":"auto","background-attachment":"scroll","background-type":"","background-media":"","overlay-type":"","overlay-color":"","overlay-opacity":"","overlay-gradient":""}},"ast-content-background-meta":{"desktop":{"background-color":"var(--ast-global-color-5)","background-image":"","background-repeat":"repeat","background-position":"center center","background-size":"auto","background-attachment":"scroll","background-type":"","background-media":"","overlay-type":"","overlay-color":"","overlay-opacity":"","overlay-gradient":""},"tablet":{"background-color":"var(--ast-global-color-5)","background-image":"","background-repeat":"repeat","background-position":"center center","background-size":"auto","background-attachment":"scroll","background-type":"","background-media":"","overlay-type":"","overlay-color":"","overlay-opacity":"","overlay-gradient":""},"mobile":{"background-color":"var(--ast-global-color-5)","background-image":"","background-repeat":"repeat","background-position":"center center","background-size":"auto","background-attachment":"scroll","background-type":"","background-media":"","overlay-type":"","overlay-color":"","overlay-opacity":"","overlay-gradient":""}},"footnotes":""},"class_list":["post-5541","page","type-page","status-publish","hentry"],"uagb_featured_image_src":{"full":false,"thumbnail":false,"medium":false,"medium_large":false,"large":false,"gs-tiny":false,"xl":false,"xxl":false,"xxxl":false,"xxxxl":false,"xxxxxl":false,"1536x1536":false,"2048x2048":false,"woocommerce_thumbnail":false,"woocommerce_single":false,"woocommerce_gallery_thumbnail":false},"uagb_author_info":{"display_name":"Agnieszka Boro\u0144 -Tkaczyk","author_link":"https:\/\/1tile.store\/upcycling%20art\/author\/0qpa7-p8pjul8yt4n\/"},"uagb_comment_info":0,"uagb_excerpt":null,"_links":{"self":[{"href":"https:\/\/1tile.store\/upcycling%20art\/wp-json\/wp\/v2\/pages\/5541","targetHints":{"allow":["GET"]}}],"collection":[{"href":"https:\/\/1tile.store\/upcycling%20art\/wp-json\/wp\/v2\/pages"}],"about":[{"href":"https:\/\/1tile.store\/upcycling%20art\/wp-json\/wp\/v2\/types\/page"}],"author":[{"embeddable":true,"href":"https:\/\/1tile.store\/upcycling%20art\/wp-json\/wp\/v2\/users\/3"}],"replies":[{"embeddable":true,"href":"https:\/\/1tile.store\/upcycling%20art\/wp-json\/wp\/v2\/comments?post=5541"}],"version-history":[{"count":5,"href":"https:\/\/1tile.store\/upcycling%20art\/wp-json\/wp\/v2\/pages\/5541\/revisions"}],"predecessor-version":[{"id":5640,"href":"https:\/\/1tile.store\/upcycling%20art\/wp-json\/wp\/v2\/pages\/5541\/revisions\/5640"}],"wp:attachment":[{"href":"https:\/\/1tile.store\/upcycling%20art\/wp-json\/wp\/v2\/media?parent=5541"}],"curies":[{"name":"wp","href":"https:\/\/api.w.org\/{rel}","templated":true}]}}