{"id":5462,"date":"2024-08-09T20:05:23","date_gmt":"2024-08-09T18:05:23","guid":{"rendered":"https:\/\/1tile.store\/?page_id=5462"},"modified":"2024-08-12T21:33:25","modified_gmt":"2024-08-12T19:33:25","slug":"kontakt2","status":"publish","type":"page","link":"https:\/\/1tile.store\/upcycling%20art\/kontakt2\/","title":{"rendered":"kontakt"},"content":{"rendered":"\n<div class=\"wp-block-cover alignfull has-custom-content-position is-position-top-center\"><span aria-hidden=\"true\" class=\"wp-block-cover__background has-white-background-color has-background-dim-100 has-background-dim\"><\/span><div class=\"wp-block-cover__inner-container is-layout-flow wp-block-cover-is-layout-flow\">\n<div class=\"wp-block-group alignfull is-nowrap is-layout-flex wp-container-core-group-is-layout-f66f9956 wp-block-group-is-layout-flex\">\n<div class=\"wp-block-columns is-layout-flex wp-container-core-columns-is-layout-28f84493 wp-block-columns-is-layout-flex\">\n<div class=\"wp-block-column is-layout-flow wp-block-column-is-layout-flow\" style=\"flex-basis:100%\">\n<div class=\"wp-block-group alignwide is-nowrap is-layout-flex wp-container-core-group-is-layout-6c531013 wp-block-group-is-layout-flex\">\n<div class=\"wp-block-media-text alignwide has-media-on-the-right is-stacked-on-mobile is-vertically-aligned-top\" style=\"grid-template-columns:auto 36%\"><div class=\"wp-block-media-text__content\">\n<h2 class=\"wp-block-heading has-text-align-right has-text-color has-link-color wp-elements-97b7b1d172406a0a010b0ccbdb75903b\" style=\"color:#df5b22\"><sup>Zadzwo\u0144 do nas lub napisz ! <\/sup><\/h2>\n\n\n\n<p class=\"has-text-align-right has-text-color has-link-color has-medium-font-size wp-elements-8eaf9fa7a35734ecec11c69e9d572875\" style=\"color:#872267\"><img data-recalc-dims=\"1\" decoding=\"async\" src=\"https:\/\/i0.wp.com\/1tile.store\/wp-content\/uploads\/2024\/06\/tel.jpg?ssl=1\" alt=\"\" style=\"width: 50px;\"><br>+48 606 382 301<br><\/p>\n\n\n\n<p class=\"has-text-align-right has-text-color has-link-color has-medium-font-size wp-elements-b8c5d206db2df324f637b1a6be44a99f\" style=\"color:#872267\"><a href=\"mailto:kontakt@1tile.store\"><\/a><\/p>\n\n\n\n<p class=\"has-text-align-right has-medium-font-size\"><a href=\"mailto:kontakt@1tile.store\"><\/a><img data-recalc-dims=\"1\" loading=\"lazy\" decoding=\"async\" width=\"70\" height=\"43\" class=\"wp-image-5130\" style=\"width: 70px;\" src=\"https:\/\/i0.wp.com\/1tile.store\/wp-content\/uploads\/2024\/06\/koperta.jpg?resize=70%2C43&#038;ssl=1\" alt=\"\" srcset=\"https:\/\/i0.wp.com\/1tile.store\/wp-content\/uploads\/2024\/06\/koperta.jpg?w=566&amp;ssl=1 566w, https:\/\/i0.wp.com\/1tile.store\/wp-content\/uploads\/2024\/06\/koperta.jpg?resize=300%2C182&amp;ssl=1 300w, https:\/\/i0.wp.com\/1tile.store\/wp-content\/uploads\/2024\/06\/koperta.jpg?resize=50%2C30&amp;ssl=1 50w\" sizes=\"auto, (max-width: 70px) 100vw, 70px\" \/><br><a href=\"mailto:kontakt@1tile.store\">mailto:kontakt@1tile.store<\/a><br><\/p>\n\n\n\n<p class=\"has-text-align-right has-text-color has-link-color has-medium-font-size wp-elements-c3ba47786a51e7935caec4337eb3dc96\" style=\"color:#872267\"><img data-recalc-dims=\"1\" loading=\"lazy\" decoding=\"async\" width=\"50\" height=\"50\" class=\"wp-image-5146\" style=\"width: 50px;\" src=\"https:\/\/i0.wp.com\/1tile.store\/wp-content\/uploads\/2024\/06\/dom.jpg?resize=50%2C50&#038;ssl=1\" alt=\"\" srcset=\"https:\/\/i0.wp.com\/1tile.store\/wp-content\/uploads\/2024\/06\/dom.jpg?w=302&amp;ssl=1 302w, https:\/\/i0.wp.com\/1tile.store\/wp-content\/uploads\/2024\/06\/dom.jpg?resize=300%2C300&amp;ssl=1 300w, https:\/\/i0.wp.com\/1tile.store\/wp-content\/uploads\/2024\/06\/dom.jpg?resize=150%2C150&amp;ssl=1 150w, https:\/\/i0.wp.com\/1tile.store\/wp-content\/uploads\/2024\/06\/dom.jpg?resize=50%2C50&amp;ssl=1 50w\" sizes=\"auto, (max-width: 50px) 100vw, 50px\" \/><br><sup>al.Z.Krasi\u0144skiego 6\/12 Krak\u00f3w<\/sup><\/p>\n\n\n\n<p class=\"has-text-align-right has-text-color has-link-color has-medium-font-size wp-elements-6a4b0f7e311afbbc2b5e279bb081bdf9\" style=\"color:#872267\"><\/p>\n<\/div><figure class=\"wp-block-media-text__media\"><img data-recalc-dims=\"1\" loading=\"lazy\" decoding=\"async\" width=\"1024\" height=\"1024\" src=\"https:\/\/i0.wp.com\/1tile.store\/wp-content\/uploads\/2024\/05\/kwi12.jpeg?resize=1024%2C1024&#038;ssl=1\" alt=\"\" class=\"wp-image-4838 size-full\" srcset=\"https:\/\/i0.wp.com\/1tile.store\/wp-content\/uploads\/2024\/05\/kwi12.jpeg?resize=1024%2C1024&amp;ssl=1 1024w, https:\/\/i0.wp.com\/1tile.store\/wp-content\/uploads\/2024\/05\/kwi12.jpeg?resize=300%2C300&amp;ssl=1 300w, https:\/\/i0.wp.com\/1tile.store\/wp-content\/uploads\/2024\/05\/kwi12.jpeg?resize=150%2C150&amp;ssl=1 150w, https:\/\/i0.wp.com\/1tile.store\/wp-content\/uploads\/2024\/05\/kwi12.jpeg?resize=768%2C768&amp;ssl=1 768w, https:\/\/i0.wp.com\/1tile.store\/wp-content\/uploads\/2024\/05\/kwi12.jpeg?resize=50%2C50&amp;ssl=1 50w, https:\/\/i0.wp.com\/1tile.store\/wp-content\/uploads\/2024\/05\/kwi12.jpeg?resize=1600%2C1600&amp;ssl=1 1600w, https:\/\/i0.wp.com\/1tile.store\/wp-content\/uploads\/2024\/05\/kwi12.jpeg?resize=1536%2C1536&amp;ssl=1 1536w, https:\/\/i0.wp.com\/1tile.store\/wp-content\/uploads\/2024\/05\/kwi12.jpeg?resize=2048%2C2048&amp;ssl=1 2048w, https:\/\/i0.wp.com\/1tile.store\/wp-content\/uploads\/2024\/05\/kwi12.jpeg?resize=400%2C400&amp;ssl=1 400w, https:\/\/i0.wp.com\/1tile.store\/wp-content\/uploads\/2024\/05\/kwi12.jpeg?resize=600%2C600&amp;ssl=1 600w\" sizes=\"auto, (max-width: 1000px) 100vw, 1000px\" \/><\/figure><\/div>\n<\/div>\n<\/div>\n<\/div>\n<\/div>\n<\/div><\/div>\n\n\n\n<figure class=\"wp-block-image aligncenter size-full is-resized\"><img data-recalc-dims=\"1\" loading=\"lazy\" decoding=\"async\" width=\"300\" height=\"100\" src=\"https:\/\/i0.wp.com\/1tile.store\/wp-content\/uploads\/2024\/07\/przetwnik.jpg?resize=300%2C100&#038;ssl=1\" alt=\"\" class=\"wp-image-5284\" style=\"width:80px\" srcset=\"https:\/\/i0.wp.com\/1tile.store\/wp-content\/uploads\/2024\/07\/przetwnik.jpg?w=300&amp;ssl=1 300w, https:\/\/i0.wp.com\/1tile.store\/wp-content\/uploads\/2024\/07\/przetwnik.jpg?resize=50%2C17&amp;ssl=1 50w\" sizes=\"auto, (max-width: 300px) 100vw, 300px\" \/><\/figure>\n\n\n\n<h2 class=\"wp-block-heading has-text-align-center has-vivid-red-color has-text-color has-link-color has-large-font-size wp-elements-632234e6818a38dbe57b8caa7638bdf2\"><sup>Cz\u0119sto zadawane pytania:<\/sup><\/h2>\n\n\n\n<p class=\"has-text-align-center has-ast-global-color-0-color has-text-color has-link-color has-medium-font-size wp-elements-3cda82c5da4b4b7e94ac019b12790691\"><br><strong>Kiedy mo\u017cna do Was dzwoni\u0107?<\/strong><br>codziennie od 9.00 do 18.00 zapraszamy do kontaktu telefonicznego<br><strong>Czy mo\u017cna zam\u00f3wienie odebra\u0107 osobi\u015bcie?<\/strong><br>Mo\u017cna! Pracownia jest w centrum Krakowa, po uprzednim um\u00f3wieniu telefonicznym odbi\u00f3r osobisty jest mo\u017cliwy<br><strong>W jaki spos\u00f3b mo\u017cna zap\u0142aci\u0107? Czy akceptujecie PayPal?<\/strong><br>Pay Pal r\u00f3wnie\u017c akceptujemy!<br><strong>Chc\u0119 zam\u00f3wi\u0107 kilka kafelk\u00f3w w konkretnym kolorze. Czy to mo\u017cliwe?<\/strong><br>Jak najbardziej! Prosimy o kontakt w jakim wymiarze i kolorze maj\u0105 by\u0107 kafelki, lub inne produkty z naszego sklepu.<br><strong>Jaki jest czas realizacji zam\u00f3wienia indywidualnego?<\/strong><br>W zale\u017cno\u015bci od ilo\u015bci przedmiot\u00f3w od 3 do 5 tygodni.<br><strong>Czy mo\u017cna do Was dojecha\u0107 transportem miejskim?<\/strong><br>Tak, doje\u017cd\u017caj\u0105 do nas autobusy: 124, 144, 164, 169, 173, 179, 194, 300, 301, 304, 424, 469, 494, 503, 513, 608, 609<\/p>\n\n\n\n<p class=\"has-text-align-center\"><\/p>\n\n\n\n<p class=\"has-text-align-center has-ast-global-color-0-color has-text-color has-link-color has-medium-font-size wp-elements-d45f3fc8ace4b038b4de1bc9e24edfcf\"><br><br><\/p>\n\n\n\n<p class=\"has-text-align-center has-ast-global-color-0-color has-text-color has-link-color has-medium-font-size wp-elements-bc6d70ac62eb8943c528ab82181f1053\"><br><\/p>\n\n\n\n<p class=\"has-text-align-center has-ast-global-color-0-color has-text-color has-link-color has-medium-font-size wp-elements-080605a612646a15dfb1a7e3e71122a1\"><\/p>\n","protected":false},"excerpt":{"rendered":"<p>Cz\u0119sto zadawane pytania: Kiedy mo\u017cna do Was dzwoni\u0107?codziennie od 9.00 do 18.00 zapraszamy do kontaktu telefonicznegoCzy mo\u017cna zam\u00f3wienie odebra\u0107 osobi\u015bcie?Mo\u017cna! Pracownia jest w centrum Krakowa, po uprzednim um\u00f3wieniu telefonicznym odbi\u00f3r osobisty jest mo\u017cliwyW jaki spos\u00f3b mo\u017cna zap\u0142aci\u0107? Czy akceptujecie PayPal?Pay Pal r\u00f3wnie\u017c akceptujemy!Chc\u0119 zam\u00f3wi\u0107 kilka kafelk\u00f3w w konkretnym kolorze. Czy to mo\u017cliwe?Jak najbardziej! Prosimy o [&hellip;]<\/p>\n","protected":false},"author":3,"featured_media":0,"parent":0,"menu_order":0,"comment_status":"closed","ping_status":"closed","template":"","meta":{"_uag_custom_page_level_css":"","site-sidebar-layout":"default","site-content-layout":"","ast-site-content-layout":"default","site-content-style":"default","site-sidebar-style":"default","ast-global-header-display":"","ast-banner-title-visibility":"","ast-main-header-display":"","ast-hfb-above-header-display":"","ast-hfb-below-header-display":"","ast-hfb-mobile-header-display":"","site-post-title":"disabled","ast-breadcrumbs-content":"","ast-featured-img":"","footer-sml-layout":"","ast-disable-related-posts":"","theme-transparent-header-meta":"","adv-header-id-meta":"","stick-header-meta":"","header-above-stick-meta":"","header-main-stick-meta":"","header-below-stick-meta":"","astra-migrate-meta-layouts":"set","ast-page-background-enabled":"default","ast-page-background-meta":{"desktop":{"background-color":"","background-image":"","background-repeat":"repeat","background-position":"center center","background-size":"auto","background-attachment":"scroll","background-type":"","background-media":"","overlay-type":"","overlay-color":"","overlay-opacity":"","overlay-gradient":""},"tablet":{"background-color":"","background-image":"","background-repeat":"repeat","background-position":"center center","background-size":"auto","background-attachment":"scroll","background-type":"","background-media":"","overlay-type":"","overlay-color":"","overlay-opacity":"","overlay-gradient":""},"mobile":{"background-color":"","background-image":"","background-repeat":"repeat","background-position":"center center","background-size":"auto","background-attachment":"scroll","background-type":"","background-media":"","overlay-type":"","overlay-color":"","overlay-opacity":"","overlay-gradient":""}},"ast-content-background-meta":{"desktop":{"background-color":"var(--ast-global-color-5)","background-image":"","background-repeat":"repeat","background-position":"center center","background-size":"auto","background-attachment":"scroll","background-type":"","background-media":"","overlay-type":"","overlay-color":"","overlay-opacity":"","overlay-gradient":""},"tablet":{"background-color":"var(--ast-global-color-5)","background-image":"","background-repeat":"repeat","background-position":"center center","background-size":"auto","background-attachment":"scroll","background-type":"","background-media":"","overlay-type":"","overlay-color":"","overlay-opacity":"","overlay-gradient":""},"mobile":{"background-color":"var(--ast-global-color-5)","background-image":"","background-repeat":"repeat","background-position":"center center","background-size":"auto","background-attachment":"scroll","background-type":"","background-media":"","overlay-type":"","overlay-color":"","overlay-opacity":"","overlay-gradient":""}},"footnotes":""},"class_list":["post-5462","page","type-page","status-publish","hentry"],"uagb_featured_image_src":{"full":false,"thumbnail":false,"medium":false,"medium_large":false,"large":false,"gs-tiny":false,"xl":false,"xxl":false,"xxxl":false,"xxxxl":false,"xxxxxl":false,"1536x1536":false,"2048x2048":false,"woocommerce_thumbnail":false,"woocommerce_single":false,"woocommerce_gallery_thumbnail":false},"uagb_author_info":{"display_name":"Agnieszka Boro\u0144 -Tkaczyk","author_link":"https:\/\/1tile.store\/upcycling%20art\/author\/0qpa7-p8pjul8yt4n\/"},"uagb_comment_info":0,"uagb_excerpt":"Cz\u0119sto zadawane pytania: Kiedy mo\u017cna do Was dzwoni\u0107?codziennie od 9.00 do 18.00 zapraszamy do kontaktu telefonicznegoCzy mo\u017cna zam\u00f3wienie odebra\u0107 osobi\u015bcie?Mo\u017cna! Pracownia jest w centrum Krakowa, po uprzednim um\u00f3wieniu telefonicznym odbi\u00f3r osobisty jest mo\u017cliwyW jaki spos\u00f3b mo\u017cna zap\u0142aci\u0107? Czy akceptujecie PayPal?Pay Pal r\u00f3wnie\u017c akceptujemy!Chc\u0119 zam\u00f3wi\u0107 kilka kafelk\u00f3w w konkretnym kolorze. Czy to mo\u017cliwe?Jak najbardziej! Prosimy o&hellip;","_links":{"self":[{"href":"https:\/\/1tile.store\/upcycling%20art\/wp-json\/wp\/v2\/pages\/5462","targetHints":{"allow":["GET"]}}],"collection":[{"href":"https:\/\/1tile.store\/upcycling%20art\/wp-json\/wp\/v2\/pages"}],"about":[{"href":"https:\/\/1tile.store\/upcycling%20art\/wp-json\/wp\/v2\/types\/page"}],"author":[{"embeddable":true,"href":"https:\/\/1tile.store\/upcycling%20art\/wp-json\/wp\/v2\/users\/3"}],"replies":[{"embeddable":true,"href":"https:\/\/1tile.store\/upcycling%20art\/wp-json\/wp\/v2\/comments?post=5462"}],"version-history":[{"count":5,"href":"https:\/\/1tile.store\/upcycling%20art\/wp-json\/wp\/v2\/pages\/5462\/revisions"}],"predecessor-version":[{"id":5515,"href":"https:\/\/1tile.store\/upcycling%20art\/wp-json\/wp\/v2\/pages\/5462\/revisions\/5515"}],"wp:attachment":[{"href":"https:\/\/1tile.store\/upcycling%20art\/wp-json\/wp\/v2\/media?parent=5462"}],"curies":[{"name":"wp","href":"https:\/\/api.w.org\/{rel}","templated":true}]}}