{"id":5431,"date":"2024-08-07T21:24:10","date_gmt":"2024-08-07T19:24:10","guid":{"rendered":"https:\/\/1tile.store\/?page_id=5431"},"modified":"2024-11-12T14:16:03","modified_gmt":"2024-11-12T13:16:03","slug":"o-nas-2-2","status":"publish","type":"page","link":"https:\/\/1tile.store\/upcycling%20art\/o-nas-2-2\/","title":{"rendered":"O NAS"},"content":{"rendered":"\n<div class=\"wp-block-cover alignfull has-custom-content-position is-position-top-center\"><span aria-hidden=\"true\" class=\"wp-block-cover__background has-white-background-color has-background-dim-100 has-background-dim\"><\/span><div class=\"wp-block-cover__inner-container is-layout-flow wp-block-cover-is-layout-flow\">\n<div class=\"wp-block-group alignfull is-nowrap is-layout-flex wp-container-core-group-is-layout-f66f9956 wp-block-group-is-layout-flex\">\n<div class=\"wp-block-columns is-layout-flex wp-container-core-columns-is-layout-28f84493 wp-block-columns-is-layout-flex\">\n<div class=\"wp-block-column is-layout-flow wp-block-column-is-layout-flow\" style=\"flex-basis:100%\">\n<div class=\"wp-block-group alignwide is-nowrap is-layout-flex wp-container-core-group-is-layout-6c531013 wp-block-group-is-layout-flex\">\n<div class=\"wp-block-media-text alignwide has-media-on-the-right is-stacked-on-mobile is-vertically-aligned-top\" style=\"grid-template-columns:auto 36%\"><div class=\"wp-block-media-text__content\">\n<h2 class=\"wp-block-heading has-text-align-right\"><sup>upcykling to moja pasja<\/sup><\/h2>\n\n\n\n<div class=\"wp-block-columns are-vertically-aligned-top is-layout-flex wp-container-core-columns-is-layout-28f84493 wp-block-columns-is-layout-flex\">\n<div class=\"wp-block-column is-vertically-aligned-top is-layout-flow wp-block-column-is-layout-flow\" style=\"flex-basis:100%\">\n<div class=\"wp-block-uagb-container uagb-block-cf9e9e96 default uagb-is-root-container\">\n<p class=\"has-text-align-right has-text-color has-link-color has-medium-font-size wp-elements-e23217e60252e27b6f5da17e30e5e56a\" style=\"color:#872267\">upcykling to forma przetwarzania odpad\u00f3w<\/p>\n\n\n\n<p class=\"has-text-align-right has-text-color has-link-color has-medium-font-size wp-elements-0612815b9ba7775db740a706b700b2ba\" style=\"color:#872267\">w wyniku kt\u00f3rej powstaj\u0105 przedmioty o <\/p>\n\n\n\n<p class=\"has-text-align-right has-text-color has-link-color has-medium-font-size wp-elements-a95f54289e4359e5f49e7ffe1eed163b\" style=\"color:#872267\">warto\u015bci wy\u017cszej ni\u017c odpad z kt\u00f3rego zosta\u0142y wykonane<\/p>\n\n\n\n<p class=\"has-text-align-right has-text-color has-link-color has-medium-font-size wp-elements-0aa0b67ab080fb9b293034154780d201\" style=\"color:#872267\">Najbardziej lubi\u0119 przetwarza\u0107 p\u0142yty CD\/DVD, plastik ,<\/p>\n\n\n\n<p class=\"has-text-align-right has-text-color has-link-color has-medium-font-size wp-elements-7ae765640acec611cb36d9a18d36355f\" style=\"color:#872267\"> stare lakiery do paznokci, kosmetyki typu cienie do oczu lub pudry<\/p>\n\n\n\n<p class=\"has-text-align-right has-text-color has-link-color has-medium-font-size wp-elements-f2bba8b939270fb3550b0e1ef3ec4b1f\" style=\"color:#872267\">cz\u0119sto organizuj\u0119 zbi\u00f3rki internetowe starych kosmetyk\u00f3w <\/p>\n\n\n\n<p class=\"has-text-align-right has-text-color has-link-color has-medium-font-size wp-elements-6612e6bfd578bc62fe078a38c854ba21\" style=\"color:#872267\">dzi\u0119ki czemu mam nowe materia\u0142y do tw\u00f3rczych poszukiwa\u0144. <\/p>\n\n\n\n<p class=\"has-text-align-right has-text-color has-link-color has-medium-font-size wp-elements-5c8129eeaa20d0c3540241faf36e6b5e\" style=\"color:#872267\">Zawsze staram si\u0119 wykorzysta\u0107 dany \u015bmie\u0107 do ko\u0144ca,    do najmniejszej drobiny.<\/p>\n<\/div>\n<\/div>\n<\/div>\n\n\n\n<p class=\"has-text-align-center has-text-color has-link-color has-medium-font-size wp-elements-1b99a99e16c074e95645ac9c8e2b46fa\" style=\"color:#872267\"><\/p>\n\n\n\n<p class=\"has-text-align-right has-text-color has-link-color has-medium-font-size wp-elements-6a4b0f7e311afbbc2b5e279bb081bdf9\" style=\"color:#872267\"><\/p>\n<\/div><figure class=\"wp-block-media-text__media\"><img data-recalc-dims=\"1\" loading=\"lazy\" decoding=\"async\" width=\"1024\" height=\"802\" src=\"https:\/\/i0.wp.com\/1tile.store\/wp-content\/uploads\/2024\/05\/doniczki.jpeg?resize=1024%2C802&#038;ssl=1\" alt=\"\" class=\"wp-image-4878 size-full\" srcset=\"https:\/\/i0.wp.com\/1tile.store\/wp-content\/uploads\/2024\/05\/doniczki.jpeg?resize=1024%2C802&amp;ssl=1 1024w, https:\/\/i0.wp.com\/1tile.store\/wp-content\/uploads\/2024\/05\/doniczki.jpeg?resize=300%2C235&amp;ssl=1 300w, https:\/\/i0.wp.com\/1tile.store\/wp-content\/uploads\/2024\/05\/doniczki.jpeg?resize=768%2C601&amp;ssl=1 768w, https:\/\/i0.wp.com\/1tile.store\/wp-content\/uploads\/2024\/05\/doniczki.jpeg?resize=50%2C39&amp;ssl=1 50w, https:\/\/i0.wp.com\/1tile.store\/wp-content\/uploads\/2024\/05\/doniczki.jpeg?resize=600%2C470&amp;ssl=1 600w, https:\/\/i0.wp.com\/1tile.store\/wp-content\/uploads\/2024\/05\/doniczki.jpeg?w=1134&amp;ssl=1 1134w\" sizes=\"auto, (max-width: 1000px) 100vw, 1000px\" \/><\/figure><\/div>\n<\/div>\n<\/div>\n<\/div>\n<\/div>\n<\/div><\/div>\n\n\n\n<figure class=\"wp-block-image aligncenter size-full is-resized\"><img data-recalc-dims=\"1\" loading=\"lazy\" decoding=\"async\" width=\"300\" height=\"100\" src=\"https:\/\/i0.wp.com\/1tile.store\/wp-content\/uploads\/2024\/07\/przetwnik.jpg?resize=300%2C100&#038;ssl=1\" alt=\"\" class=\"wp-image-5284\" style=\"width:80px\" srcset=\"https:\/\/i0.wp.com\/1tile.store\/wp-content\/uploads\/2024\/07\/przetwnik.jpg?w=300&amp;ssl=1 300w, https:\/\/i0.wp.com\/1tile.store\/wp-content\/uploads\/2024\/07\/przetwnik.jpg?resize=50%2C17&amp;ssl=1 50w\" sizes=\"auto, (max-width: 300px) 100vw, 300px\" \/><\/figure>\n\n\n\n<p class=\"has-text-align-center has-vivid-red-color has-text-color has-link-color has-medium-font-size wp-elements-8d91fe5600edab137114f64b997cc42b\">opr\u00f3cz wykorzystywania odpad\u00f3w w sztuce moj\u0105 pasj\u0105 jest<br>sprawianie aby by\u0142o wi\u0119cej drzew wok\u00f3\u0142 nas,<br>dlatego przygotowuj\u0119 sadzonki drzew wraz z rysunkiem i<br>rozdaj\u0119 mieszka\u0144com Krakowa i okolic, wi\u0119cej na:<\/p>\n\n\n\n<p class=\"has-text-align-center has-ast-global-color-0-color has-text-color has-link-color has-medium-font-size wp-elements-02b8be61a3c36676aee10d0686abbafa\"><br><a href=\"https:\/\/facebook.com\/guerillagardeningkr\">https:\/\/facebook.com\/guerillagardeningkr<\/a><\/p>\n\n\n\n<p class=\"has-text-align-center has-ast-global-color-0-color has-text-color has-link-color has-medium-font-size wp-elements-a9aeb88696a7a7d6f1ca88705b082909\"><br><img data-recalc-dims=\"1\" decoding=\"async\" style=\"width: 232px;\" src=\"https:\/\/i0.wp.com\/1tile.store\/wp-content\/uploads\/2024\/06\/guerilla.jpeg?ssl=1\" alt=\"\"><\/p>\n\n\n\n<p class=\"has-text-align-center has-vivid-red-color has-text-color has-link-color has-medium-font-size wp-elements-4359ada7232d615584e95b5d0235aed4\">malarstwo z elementami mozaiki z recyklingowanych farb:<\/p>\n\n\n\n<p class=\"has-text-align-center has-medium-font-size\"><a href=\"http:\/\/www.agnieszkaboron.com.pl\">http:\/\/www.agnieszkaboron.com.pl<\/a><\/p>\n\n\n\n<figure class=\"wp-block-image aligncenter size-full is-resized\"><img data-recalc-dims=\"1\" loading=\"lazy\" decoding=\"async\" width=\"500\" height=\"500\" src=\"https:\/\/i0.wp.com\/1tile.store\/wp-content\/uploads\/2024\/06\/agnborportf.jpeg?resize=500%2C500&#038;ssl=1\" alt=\"\" class=\"wp-image-4996\" style=\"width:232px\" srcset=\"https:\/\/i0.wp.com\/1tile.store\/wp-content\/uploads\/2024\/06\/agnborportf.jpeg?w=500&amp;ssl=1 500w, https:\/\/i0.wp.com\/1tile.store\/wp-content\/uploads\/2024\/06\/agnborportf.jpeg?resize=300%2C300&amp;ssl=1 300w, https:\/\/i0.wp.com\/1tile.store\/wp-content\/uploads\/2024\/06\/agnborportf.jpeg?resize=150%2C150&amp;ssl=1 150w, https:\/\/i0.wp.com\/1tile.store\/wp-content\/uploads\/2024\/06\/agnborportf.jpeg?resize=50%2C50&amp;ssl=1 50w, https:\/\/i0.wp.com\/1tile.store\/wp-content\/uploads\/2024\/06\/agnborportf.jpeg?resize=400%2C400&amp;ssl=1 400w\" sizes=\"auto, (max-width: 500px) 100vw, 500px\" \/><\/figure>\n\n\n\n<p class=\"has-text-align-center has-vivid-red-color has-text-color has-link-color has-medium-font-size wp-elements-ddaeb9a77ae8a2b9d482c8e6f6bd7e6d\">blog z kafelkami i kafelkowymi inspiracjami :<\/p>\n\n\n\n<p class=\"has-text-align-center has-medium-font-size\"><a href=\"https:\/\/1tile.blogspot.com\/\">https:\/\/1tile.blogspot.com<\/a><\/p>\n\n\n\n<figure class=\"wp-block-image aligncenter size-full is-resized\"><img data-recalc-dims=\"1\" loading=\"lazy\" decoding=\"async\" width=\"500\" height=\"500\" src=\"https:\/\/i0.wp.com\/1tile.store\/wp-content\/uploads\/2024\/06\/blogspot.jpeg?resize=500%2C500&#038;ssl=1\" alt=\"\" class=\"wp-image-4990\" style=\"width:232px\" srcset=\"https:\/\/i0.wp.com\/1tile.store\/wp-content\/uploads\/2024\/06\/blogspot.jpeg?w=500&amp;ssl=1 500w, https:\/\/i0.wp.com\/1tile.store\/wp-content\/uploads\/2024\/06\/blogspot.jpeg?resize=300%2C300&amp;ssl=1 300w, https:\/\/i0.wp.com\/1tile.store\/wp-content\/uploads\/2024\/06\/blogspot.jpeg?resize=150%2C150&amp;ssl=1 150w, https:\/\/i0.wp.com\/1tile.store\/wp-content\/uploads\/2024\/06\/blogspot.jpeg?resize=50%2C50&amp;ssl=1 50w, https:\/\/i0.wp.com\/1tile.store\/wp-content\/uploads\/2024\/06\/blogspot.jpeg?resize=400%2C400&amp;ssl=1 400w\" sizes=\"auto, (max-width: 500px) 100vw, 500px\" \/><\/figure>\n","protected":false},"excerpt":{"rendered":"<p>opr\u00f3cz wykorzystywania odpad\u00f3w w sztuce moj\u0105 pasj\u0105 jestsprawianie aby by\u0142o wi\u0119cej drzew wok\u00f3\u0142 nas,dlatego przygotowuj\u0119 sadzonki drzew wraz z rysunkiem irozdaj\u0119 mieszka\u0144com Krakowa i okolic, wi\u0119cej na: https:\/\/facebook.com\/guerillagardeningkr malarstwo z elementami mozaiki z recyklingowanych farb: http:\/\/www.agnieszkaboron.com.pl blog z kafelkami i kafelkowymi inspiracjami : https:\/\/1tile.blogspot.com<\/p>\n","protected":false},"author":3,"featured_media":0,"parent":0,"menu_order":0,"comment_status":"closed","ping_status":"closed","template":"","meta":{"_uag_custom_page_level_css":"","site-sidebar-layout":"default","site-content-layout":"","ast-site-content-layout":"default","site-content-style":"default","site-sidebar-style":"default","ast-global-header-display":"","ast-banner-title-visibility":"","ast-main-header-display":"","ast-hfb-above-header-display":"","ast-hfb-below-header-display":"","ast-hfb-mobile-header-display":"","site-post-title":"disabled","ast-breadcrumbs-content":"","ast-featured-img":"","footer-sml-layout":"","ast-disable-related-posts":"","theme-transparent-header-meta":"","adv-header-id-meta":"","stick-header-meta":"","header-above-stick-meta":"","header-main-stick-meta":"","header-below-stick-meta":"","astra-migrate-meta-layouts":"set","ast-page-background-enabled":"default","ast-page-background-meta":{"desktop":{"background-color":"","background-image":"","background-repeat":"repeat","background-position":"center center","background-size":"auto","background-attachment":"scroll","background-type":"","background-media":"","overlay-type":"","overlay-color":"","overlay-opacity":"","overlay-gradient":""},"tablet":{"background-color":"","background-image":"","background-repeat":"repeat","background-position":"center center","background-size":"auto","background-attachment":"scroll","background-type":"","background-media":"","overlay-type":"","overlay-color":"","overlay-opacity":"","overlay-gradient":""},"mobile":{"background-color":"","background-image":"","background-repeat":"repeat","background-position":"center center","background-size":"auto","background-attachment":"scroll","background-type":"","background-media":"","overlay-type":"","overlay-color":"","overlay-opacity":"","overlay-gradient":""}},"ast-content-background-meta":{"desktop":{"background-color":"var(--ast-global-color-5)","background-image":"","background-repeat":"repeat","background-position":"center center","background-size":"auto","background-attachment":"scroll","background-type":"","background-media":"","overlay-type":"","overlay-color":"","overlay-opacity":"","overlay-gradient":""},"tablet":{"background-color":"var(--ast-global-color-5)","background-image":"","background-repeat":"repeat","background-position":"center center","background-size":"auto","background-attachment":"scroll","background-type":"","background-media":"","overlay-type":"","overlay-color":"","overlay-opacity":"","overlay-gradient":""},"mobile":{"background-color":"var(--ast-global-color-5)","background-image":"","background-repeat":"repeat","background-position":"center center","background-size":"auto","background-attachment":"scroll","background-type":"","background-media":"","overlay-type":"","overlay-color":"","overlay-opacity":"","overlay-gradient":""}},"footnotes":""},"class_list":["post-5431","page","type-page","status-publish","hentry"],"uagb_featured_image_src":{"full":false,"thumbnail":false,"medium":false,"medium_large":false,"large":false,"gs-tiny":false,"xl":false,"xxl":false,"xxxl":false,"xxxxl":false,"xxxxxl":false,"1536x1536":false,"2048x2048":false,"woocommerce_thumbnail":false,"woocommerce_single":false,"woocommerce_gallery_thumbnail":false},"uagb_author_info":{"display_name":"Agnieszka Boro\u0144 -Tkaczyk","author_link":"https:\/\/1tile.store\/upcycling%20art\/author\/0qpa7-p8pjul8yt4n\/"},"uagb_comment_info":0,"uagb_excerpt":"opr\u00f3cz wykorzystywania odpad\u00f3w w sztuce moj\u0105 pasj\u0105 jestsprawianie aby by\u0142o wi\u0119cej drzew wok\u00f3\u0142 nas,dlatego przygotowuj\u0119 sadzonki drzew wraz z rysunkiem irozdaj\u0119 mieszka\u0144com Krakowa i okolic, wi\u0119cej na: https:\/\/facebook.com\/guerillagardeningkr malarstwo z elementami mozaiki z recyklingowanych farb: http:\/\/www.agnieszkaboron.com.pl blog z kafelkami i kafelkowymi inspiracjami : https:\/\/1tile.blogspot.com","_links":{"self":[{"href":"https:\/\/1tile.store\/upcycling%20art\/wp-json\/wp\/v2\/pages\/5431","targetHints":{"allow":["GET"]}}],"collection":[{"href":"https:\/\/1tile.store\/upcycling%20art\/wp-json\/wp\/v2\/pages"}],"about":[{"href":"https:\/\/1tile.store\/upcycling%20art\/wp-json\/wp\/v2\/types\/page"}],"author":[{"embeddable":true,"href":"https:\/\/1tile.store\/upcycling%20art\/wp-json\/wp\/v2\/users\/3"}],"replies":[{"embeddable":true,"href":"https:\/\/1tile.store\/upcycling%20art\/wp-json\/wp\/v2\/comments?post=5431"}],"version-history":[{"count":5,"href":"https:\/\/1tile.store\/upcycling%20art\/wp-json\/wp\/v2\/pages\/5431\/revisions"}],"predecessor-version":[{"id":5645,"href":"https:\/\/1tile.store\/upcycling%20art\/wp-json\/wp\/v2\/pages\/5431\/revisions\/5645"}],"wp:attachment":[{"href":"https:\/\/1tile.store\/upcycling%20art\/wp-json\/wp\/v2\/media?parent=5431"}],"curies":[{"name":"wp","href":"https:\/\/api.w.org\/{rel}","templated":true}]}}