{"id":4273,"date":"2021-04-06T22:36:11","date_gmt":"2021-04-06T22:36:11","guid":{"rendered":"http:\/\/1tile.store\/?page_id=4273"},"modified":"2026-05-11T21:22:02","modified_gmt":"2026-05-11T19:22:02","slug":"dla-firm","status":"publish","type":"page","link":"https:\/\/1tile.store\/upcycling%20art\/dla-firm\/","title":{"rendered":"dla firm"},"content":{"rendered":"\n<div class=\"wp-block-group alignfull has-white-background-color has-background is-layout-flow wp-block-group-is-layout-flow\"><div class=\"wp-block-group__inner-container\">\n<h2 class=\"wp-block-heading has-text-align-center has-vivid-cyan-blue-color has-text-color has-link-color wp-elements-08f0f849336820c95d7d994304201ef3\">Co mo\u017cemy zrobi\u0107 dla Twojej firmy?<\/h2>\n\n\n\n<h1 class=\"wp-block-heading has-text-align-center has-text-color has-link-color wp-elements-59ec3181c90cc09b3fd17d4486d66e72\" style=\"color:#8a74a8\"><\/h1>\n\n\n\n<p><\/p>\n\n\n\n<figure class=\"wp-block-image aligncenter size-thumbnail\"><img data-recalc-dims=\"1\" loading=\"lazy\" decoding=\"async\" width=\"150\" height=\"150\" src=\"https:\/\/i0.wp.com\/1tile.store\/wp-content\/uploads\/2024\/06\/firma.jpg?resize=150%2C150&#038;ssl=1\" alt=\"\" class=\"wp-image-5158\" srcset=\"https:\/\/i0.wp.com\/1tile.store\/wp-content\/uploads\/2024\/06\/firma.jpg?resize=150%2C150&amp;ssl=1 150w, https:\/\/i0.wp.com\/1tile.store\/wp-content\/uploads\/2024\/06\/firma.jpg?resize=300%2C298&amp;ssl=1 300w, https:\/\/i0.wp.com\/1tile.store\/wp-content\/uploads\/2024\/06\/firma.jpg?resize=50%2C50&amp;ssl=1 50w, https:\/\/i0.wp.com\/1tile.store\/wp-content\/uploads\/2024\/06\/firma.jpg?w=369&amp;ssl=1 369w\" sizes=\"auto, (max-width: 150px) 100vw, 150px\" \/><\/figure>\n<\/div><\/div>\n\n\n\n<div class=\"wp-block-cover alignfull is-light\" style=\"min-height:300px;aspect-ratio:unset;\"><span aria-hidden=\"true\" class=\"wp-block-cover__background has-white-background-color has-background-dim-70 has-background-dim\"><\/span><img data-recalc-dims=\"1\" decoding=\"async\" class=\"wp-block-cover__image-background wp-image-3627\" alt=\"\" src=\"https:\/\/i0.wp.com\/1tile.store\/wp-content\/uploads\/2020\/09\/leaves-bg.jpg\" style=\"object-position:65% 70%\" data-object-fit=\"cover\" data-object-position=\"65% 70%\"\/><div class=\"wp-block-cover__inner-container is-layout-flow wp-block-cover-is-layout-flow\">\n<div class=\"wp-block-columns are-vertically-aligned-center is-layout-flex wp-container-core-columns-is-layout-28f84493 wp-block-columns-is-layout-flex\">\n<div class=\"wp-block-column is-vertically-aligned-center is-layout-flow wp-block-column-is-layout-flow\">\n<figure class=\"wp-block-image size-large\"><img data-recalc-dims=\"1\" loading=\"lazy\" decoding=\"async\" width=\"1024\" height=\"1024\" src=\"https:\/\/i0.wp.com\/1tile.store\/wp-content\/uploads\/2024\/06\/warsztaty.jpg?resize=1024%2C1024&#038;ssl=1\" alt=\"\" class=\"wp-image-5162\" srcset=\"https:\/\/i0.wp.com\/1tile.store\/wp-content\/uploads\/2024\/06\/warsztaty.jpg?resize=1024%2C1024&amp;ssl=1 1024w, https:\/\/i0.wp.com\/1tile.store\/wp-content\/uploads\/2024\/06\/warsztaty.jpg?resize=300%2C300&amp;ssl=1 300w, https:\/\/i0.wp.com\/1tile.store\/wp-content\/uploads\/2024\/06\/warsztaty.jpg?resize=150%2C150&amp;ssl=1 150w, https:\/\/i0.wp.com\/1tile.store\/wp-content\/uploads\/2024\/06\/warsztaty.jpg?resize=768%2C768&amp;ssl=1 768w, https:\/\/i0.wp.com\/1tile.store\/wp-content\/uploads\/2024\/06\/warsztaty.jpg?resize=50%2C50&amp;ssl=1 50w, https:\/\/i0.wp.com\/1tile.store\/wp-content\/uploads\/2024\/06\/warsztaty.jpg?resize=1600%2C1600&amp;ssl=1 1600w, https:\/\/i0.wp.com\/1tile.store\/wp-content\/uploads\/2024\/06\/warsztaty.jpg?resize=1536%2C1536&amp;ssl=1 1536w, https:\/\/i0.wp.com\/1tile.store\/wp-content\/uploads\/2024\/06\/warsztaty.jpg?resize=400%2C400&amp;ssl=1 400w, https:\/\/i0.wp.com\/1tile.store\/wp-content\/uploads\/2024\/06\/warsztaty.jpg?resize=600%2C600&amp;ssl=1 600w, https:\/\/i0.wp.com\/1tile.store\/wp-content\/uploads\/2024\/06\/warsztaty.jpg?w=2048&amp;ssl=1 2048w\" sizes=\"auto, (max-width: 1000px) 100vw, 1000px\" \/><\/figure>\n<\/div>\n\n\n\n<div class=\"wp-block-column is-vertically-aligned-center is-layout-flow wp-block-column-is-layout-flow\">\n<div class=\"wp-block-group is-layout-flow wp-block-group-is-layout-flow\"><div class=\"wp-block-group__inner-container\">\n<h3 class=\"wp-block-heading has-text-color has-link-color wp-elements-62012e0a95f53b012f192b8d735e5bdd\" style=\"color:#8a74a8\"><strong> wystawy sztuki upcyklingowej  <\/strong><\/h3>\n\n\n\n<p class=\"has-text-color\" style=\"color:#333333\">Ch\u0119tnie przyjedziemy do twojej firmy, opowiemy i poka\u017cemy jak sprawi\u0107 aby odpad\u00f3w wok\u00f3\u0142 nas by\u0142o nieco mniej i jak \u015bwietnie sp\u0119dza\u0107 czas  przetwarzaj\u0105c i zmieniaj\u0105c je w sztuk\u0119..<\/p>\n\n\n\n<h3 class=\"wp-block-heading has-text-color\" style=\"color:#8a74a8\"><strong>Integracja firmowa podczas warsztat\u00f3w <\/strong><\/h3>\n\n\n\n<p class=\"has-text-color\" style=\"color:#333333\">organizacja i prowadzenie warsztat\u00f3w podczas firmowych event\u00f3w, wsp\u00f3lne lub indywidualne wykonywanie prac. Mural z odpadowej ceramiki? Czemu nie? <\/p>\n\n\n\n<div class=\"wp-block-buttons is-horizontal is-content-justification-center is-layout-flex wp-container-core-buttons-is-layout-03627597 wp-block-buttons-is-layout-flex\">\n<div class=\"wp-block-button\"><a class=\"wp-block-button__link wp-element-button\" href=\"http:\/\/1tile.store\/kontakt\/\">Napisz aby pozna\u0107 ofert\u0119<\/a><\/div>\n<\/div>\n<\/div><\/div>\n<\/div>\n<\/div>\n<\/div><\/div>\n","protected":false},"excerpt":{"rendered":"<p>Co mo\u017cemy zrobi\u0107 dla Twojej firmy?<\/p>\n","protected":false},"author":1,"featured_media":0,"parent":0,"menu_order":10,"comment_status":"closed","ping_status":"closed","template":"","meta":{"_uag_custom_page_level_css":"","site-sidebar-layout":"no-sidebar","site-content-layout":"plain-container","ast-site-content-layout":"normal-width-container","site-content-style":"unboxed","site-sidebar-style":"unboxed","ast-global-header-display":"","ast-banner-title-visibility":"","ast-main-header-display":"","ast-hfb-above-header-display":"","ast-hfb-below-header-display":"","ast-hfb-mobile-header-display":"","site-post-title":"disabled","ast-breadcrumbs-content":"","ast-featured-img":"disabled","footer-sml-layout":"","ast-disable-related-posts":"","theme-transparent-header-meta":"default","adv-header-id-meta":"","stick-header-meta":"default","header-above-stick-meta":"","header-main-stick-meta":"","header-below-stick-meta":"","astra-migrate-meta-layouts":"set","ast-page-background-enabled":"default","ast-page-background-meta":{"desktop":{"background-color":"","background-image":"","background-repeat":"repeat","background-position":"center center","background-size":"auto","background-attachment":"scroll","background-type":"","background-media":"","overlay-type":"","overlay-color":"","overlay-opacity":"","overlay-gradient":""},"tablet":{"background-color":"","background-image":"","background-repeat":"repeat","background-position":"center center","background-size":"auto","background-attachment":"scroll","background-type":"","background-media":"","overlay-type":"","overlay-color":"","overlay-opacity":"","overlay-gradient":""},"mobile":{"background-color":"","background-image":"","background-repeat":"repeat","background-position":"center center","background-size":"auto","background-attachment":"scroll","background-type":"","background-media":"","overlay-type":"","overlay-color":"","overlay-opacity":"","overlay-gradient":""}},"ast-content-background-meta":{"desktop":{"background-color":"var(--ast-global-color-5)","background-image":"","background-repeat":"repeat","background-position":"center center","background-size":"auto","background-attachment":"scroll","background-type":"","background-media":"","overlay-type":"","overlay-color":"","overlay-opacity":"","overlay-gradient":""},"tablet":{"background-color":"var(--ast-global-color-5)","background-image":"","background-repeat":"repeat","background-position":"center center","background-size":"auto","background-attachment":"scroll","background-type":"","background-media":"","overlay-type":"","overlay-color":"","overlay-opacity":"","overlay-gradient":""},"mobile":{"background-color":"var(--ast-global-color-5)","background-image":"","background-repeat":"repeat","background-position":"center center","background-size":"auto","background-attachment":"scroll","background-type":"","background-media":"","overlay-type":"","overlay-color":"","overlay-opacity":"","overlay-gradient":""}},"footnotes":""},"class_list":["post-4273","page","type-page","status-publish","hentry"],"uagb_featured_image_src":{"full":false,"thumbnail":false,"medium":false,"medium_large":false,"large":false,"gs-tiny":false,"xl":false,"xxl":false,"xxxl":false,"xxxxl":false,"xxxxxl":false,"1536x1536":false,"2048x2048":false,"woocommerce_thumbnail":false,"woocommerce_single":false,"woocommerce_gallery_thumbnail":false},"uagb_author_info":{"display_name":"Edyta Wo\u017aniak","author_link":"https:\/\/1tile.store\/upcycling%20art\/author\/gmee0oil\/"},"uagb_comment_info":0,"uagb_excerpt":"Co mo\u017cemy zrobi\u0107 dla Twojej firmy?","_links":{"self":[{"href":"https:\/\/1tile.store\/upcycling%20art\/wp-json\/wp\/v2\/pages\/4273","targetHints":{"allow":["GET"]}}],"collection":[{"href":"https:\/\/1tile.store\/upcycling%20art\/wp-json\/wp\/v2\/pages"}],"about":[{"href":"https:\/\/1tile.store\/upcycling%20art\/wp-json\/wp\/v2\/types\/page"}],"author":[{"embeddable":true,"href":"https:\/\/1tile.store\/upcycling%20art\/wp-json\/wp\/v2\/users\/1"}],"replies":[{"embeddable":true,"href":"https:\/\/1tile.store\/upcycling%20art\/wp-json\/wp\/v2\/comments?post=4273"}],"version-history":[{"count":6,"href":"https:\/\/1tile.store\/upcycling%20art\/wp-json\/wp\/v2\/pages\/4273\/revisions"}],"predecessor-version":[{"id":7158,"href":"https:\/\/1tile.store\/upcycling%20art\/wp-json\/wp\/v2\/pages\/4273\/revisions\/7158"}],"wp:attachment":[{"href":"https:\/\/1tile.store\/upcycling%20art\/wp-json\/wp\/v2\/media?parent=4273"}],"curies":[{"name":"wp","href":"https:\/\/api.w.org\/{rel}","templated":true}]}}