{"id":4267,"date":"2021-04-06T22:35:12","date_gmt":"2021-04-06T22:35:12","guid":{"rendered":"http:\/\/1tile.store\/?page_id=4267"},"modified":"2024-07-10T20:00:53","modified_gmt":"2024-07-10T18:00:53","slug":"sposoby-platnosci","status":"publish","type":"page","link":"https:\/\/1tile.store\/upcycling%20art\/sposoby-platnosci\/","title":{"rendered":"Sposoby p\u0142atno\u015bci"},"content":{"rendered":"\n<div class=\"wp-block-group alignfull has-white-background-color has-background\"><div class=\"wp-block-group__inner-container is-layout-flow wp-block-group-is-layout-flow\">\n<h1 class=\"has-text-align-center wp-block-heading\">Sposoby p\u0142atno\u015bci<\/h1>\n<\/div><\/div>\n\n\n\n<div class=\"wp-block-group alignfull has-background\" style=\"background-color:#f8f6f3\"><div class=\"wp-block-group__inner-container is-layout-flow wp-block-group-is-layout-flow\">\n<div class=\"wp-block-columns are-vertically-aligned-center is-layout-flex wp-container-core-columns-is-layout-28f84493 wp-block-columns-is-layout-flex\">\n<div class=\"wp-block-column is-vertically-aligned-center is-layout-flow wp-block-column-is-layout-flow\">\n<h2 class=\"has-text-align-center has-text-color wp-block-heading\" style=\"color:#d17a8d\">Przelewy24<\/h2>\n\n\n\n<p class=\"has-text-align-center\">B\u0142yskawiczne przelewy oraz mo\u017cliwo\u015b\u0107 p\u0142atno\u015bci przez BLIK<\/p>\n<\/div>\n\n\n\n<div class=\"wp-block-column is-vertically-aligned-center is-layout-flow wp-block-column-is-layout-flow\">\n<h2 class=\"has-text-align-center has-text-color wp-block-heading\" style=\"color:#d17a8d\">Przelew na konto<\/h2>\n\n\n\n<p class=\"has-text-align-center\">Nr konta (mBank):<br>56 1140 2004 0000 3102 7252 7499<\/p>\n<\/div>\n\n\n\n<div class=\"wp-block-column is-vertically-aligned-center is-layout-flow wp-block-column-is-layout-flow\">\n<h2 class=\"has-text-align-center has-text-color wp-block-heading\" style=\"color:#d17a8d\">PayPal<\/h2>\n\n\n\n<p class=\"has-text-align-center\">Wybieraj\u0105c PayPal mo\u017cesz tak\u017ce zap\u0142aci\u0107 kart\u0105 kredytow\u0105<\/p>\n<\/div>\n<\/div>\n<\/div><\/div>\n\n\n\n<div class=\"wp-block-cover alignfull has-background-dim-70 has-white-background-color has-background-dim\" style=\"min-height:750px;aspect-ratio:unset;\"><img data-recalc-dims=\"1\" decoding=\"async\" class=\"wp-block-cover__image-background wp-image-3627\" alt=\"\" src=\"https:\/\/i0.wp.com\/1tile.store\/wp-content\/uploads\/2020\/09\/leaves-bg.jpg\" style=\"object-position:65% 70%\" data-object-fit=\"cover\" data-object-position=\"65% 70%\"\/><div class=\"wp-block-cover__inner-container is-layout-flow wp-block-cover-is-layout-flow\">\n<h2 class=\"has-text-align-center has-text-color wp-block-heading\" style=\"color:#333333\">Cz\u0119ste pytania o p\u0142atno\u015bci<\/h2>\n\n\n\n<div class=\"wp-block-image is-style-default\"><figure class=\"aligncenter size-large\"><img data-recalc-dims=\"1\" decoding=\"async\" src=\"https:\/\/i0.wp.com\/1tile.store\/wp-content\/uploads\/2019\/07\/logo-leaf-new.png\" alt=\"\" class=\"wp-image-2518\"\/><\/figure><\/div>\n\n\n\n<div class=\"wp-block-columns are-vertically-aligned-top is-layout-flex wp-container-core-columns-is-layout-28f84493 wp-block-columns-is-layout-flex\">\n<div class=\"wp-block-column is-vertically-aligned-top is-layout-flow wp-block-column-is-layout-flow\">\n<div class=\"wp-block-group\"><div class=\"wp-block-group__inner-container is-layout-flow wp-block-group-is-layout-flow\">\n<h5 class=\"has-text-color wp-block-heading\" style=\"color:#d17a8d\"><strong>Jak szybko ksi\u0119gowane s\u0105 zwyk\u0142e przelewy?<\/strong><\/h5>\n\n\n\n<p class=\"has-text-color\" style=\"color:#333333\">I am item content. Click edit button to change this text. Lorem ipsum dolor sit amet, consectetur adipiscing elit. Ut elit tellus, luctus nec ullamcorper mattis, pulvinar leo.<\/p>\n\n\n\n<h5 class=\"has-text-color wp-block-heading\" style=\"color:#d17a8d\"><strong>Czy mo\u017cna zap\u0142aci\u0107 za pobraniem? <\/strong><\/h5>\n\n\n\n<p class=\"has-text-color\" style=\"color:#333333\">I am item content. Click edit button to change this text. Lorem ipsum dolor sit amet, consectetur adipiscing elit. Ut elit tellus, luctus nec ullamcorper mattis, pulvinar leo.<\/p>\n<\/div><\/div>\n<\/div>\n\n\n\n<div class=\"wp-block-column is-vertically-aligned-top is-layout-flow wp-block-column-is-layout-flow\">\n<div class=\"wp-block-group\"><div class=\"wp-block-group__inner-container is-layout-flow wp-block-group-is-layout-flow\">\n<h5 class=\"has-text-color wp-block-heading\" style=\"color:#d17a8d\"><strong>Czy musz\u0119 mie\u0107 konto PayPal? <\/strong><\/h5>\n\n\n\n<p class=\"has-text-color\" style=\"color:#333333\">I am item content. Click edit button to change this text. Lorem ipsum dolor sit amet, consectetur adipiscing elit. Ut elit tellus, luctus nec ullamcorper mattis, pulvinar leo.<\/p>\n\n\n\n<h5 class=\"has-text-color wp-block-heading\" style=\"color:#d17a8d\"><strong>Jak sprawdzi\u0107, czy zam\u00f3wienie jest ju\u017c op\u0142acone?<\/strong><\/h5>\n\n\n\n<p class=\"has-text-color\" style=\"color:#333333\">I am item content. Click edit button to change this text. Lorem ipsum dolor sit amet, consectetur adipiscing elit. Ut elit tellus, luctus nec ullamcorper mattis, pulvinar leo.<\/p>\n<\/div><\/div>\n<\/div>\n<\/div>\n<\/div><\/div>\n","protected":false},"excerpt":{"rendered":"<p>Sposoby p\u0142atno\u015bci Przelewy24 B\u0142yskawiczne przelewy oraz mo\u017cliwo\u015b\u0107 p\u0142atno\u015bci przez BLIK Przelew na konto Nr konta (mBank):56 1140 2004 0000 3102 7252 7499 PayPal Wybieraj\u0105c PayPal mo\u017cesz tak\u017ce zap\u0142aci\u0107 kart\u0105 kredytow\u0105<\/p>\n","protected":false},"author":1,"featured_media":0,"parent":0,"menu_order":0,"comment_status":"closed","ping_status":"closed","template":"","meta":{"_uag_custom_page_level_css":"","site-sidebar-layout":"no-sidebar","site-content-layout":"plain-container","ast-site-content-layout":"normal-width-container","site-content-style":"unboxed","site-sidebar-style":"default","ast-global-header-display":"","ast-banner-title-visibility":"","ast-main-header-display":"","ast-hfb-above-header-display":"","ast-hfb-below-header-display":"","ast-hfb-mobile-header-display":"","site-post-title":"disabled","ast-breadcrumbs-content":"","ast-featured-img":"disabled","footer-sml-layout":"","ast-disable-related-posts":"","theme-transparent-header-meta":"default","adv-header-id-meta":"","stick-header-meta":"default","header-above-stick-meta":"","header-main-stick-meta":"","header-below-stick-meta":"","astra-migrate-meta-layouts":"set","ast-page-background-enabled":"default","ast-page-background-meta":{"desktop":{"background-color":"","background-image":"","background-repeat":"repeat","background-position":"center center","background-size":"auto","background-attachment":"scroll","background-type":"","background-media":"","overlay-type":"","overlay-color":"","overlay-opacity":"","overlay-gradient":""},"tablet":{"background-color":"","background-image":"","background-repeat":"repeat","background-position":"center center","background-size":"auto","background-attachment":"scroll","background-type":"","background-media":"","overlay-type":"","overlay-color":"","overlay-opacity":"","overlay-gradient":""},"mobile":{"background-color":"","background-image":"","background-repeat":"repeat","background-position":"center center","background-size":"auto","background-attachment":"scroll","background-type":"","background-media":"","overlay-type":"","overlay-color":"","overlay-opacity":"","overlay-gradient":""}},"ast-content-background-meta":{"desktop":{"background-color":"var(--ast-global-color-5)","background-image":"","background-repeat":"repeat","background-position":"center center","background-size":"auto","background-attachment":"scroll","background-type":"","background-media":"","overlay-type":"","overlay-color":"","overlay-opacity":"","overlay-gradient":""},"tablet":{"background-color":"var(--ast-global-color-5)","background-image":"","background-repeat":"repeat","background-position":"center center","background-size":"auto","background-attachment":"scroll","background-type":"","background-media":"","overlay-type":"","overlay-color":"","overlay-opacity":"","overlay-gradient":""},"mobile":{"background-color":"var(--ast-global-color-5)","background-image":"","background-repeat":"repeat","background-position":"center center","background-size":"auto","background-attachment":"scroll","background-type":"","background-media":"","overlay-type":"","overlay-color":"","overlay-opacity":"","overlay-gradient":""}},"footnotes":""},"class_list":["post-4267","page","type-page","status-publish","hentry"],"uagb_featured_image_src":{"full":false,"thumbnail":false,"medium":false,"medium_large":false,"large":false,"gs-tiny":false,"xl":false,"xxl":false,"xxxl":false,"xxxxl":false,"xxxxxl":false,"1536x1536":false,"2048x2048":false,"woocommerce_thumbnail":false,"woocommerce_single":false,"woocommerce_gallery_thumbnail":false},"uagb_author_info":{"display_name":"Edyta Wo\u017aniak","author_link":"https:\/\/1tile.store\/upcycling%20art\/author\/gmee0oil\/"},"uagb_comment_info":0,"uagb_excerpt":"Sposoby p\u0142atno\u015bci Przelewy24 B\u0142yskawiczne przelewy oraz mo\u017cliwo\u015b\u0107 p\u0142atno\u015bci przez BLIK Przelew na konto Nr konta (mBank):56 1140 2004 0000 3102 7252 7499 PayPal Wybieraj\u0105c PayPal mo\u017cesz tak\u017ce zap\u0142aci\u0107 kart\u0105 kredytow\u0105","_links":{"self":[{"href":"https:\/\/1tile.store\/upcycling%20art\/wp-json\/wp\/v2\/pages\/4267","targetHints":{"allow":["GET"]}}],"collection":[{"href":"https:\/\/1tile.store\/upcycling%20art\/wp-json\/wp\/v2\/pages"}],"about":[{"href":"https:\/\/1tile.store\/upcycling%20art\/wp-json\/wp\/v2\/types\/page"}],"author":[{"embeddable":true,"href":"https:\/\/1tile.store\/upcycling%20art\/wp-json\/wp\/v2\/users\/1"}],"replies":[{"embeddable":true,"href":"https:\/\/1tile.store\/upcycling%20art\/wp-json\/wp\/v2\/comments?post=4267"}],"version-history":[{"count":2,"href":"https:\/\/1tile.store\/upcycling%20art\/wp-json\/wp\/v2\/pages\/4267\/revisions"}],"predecessor-version":[{"id":5175,"href":"https:\/\/1tile.store\/upcycling%20art\/wp-json\/wp\/v2\/pages\/4267\/revisions\/5175"}],"wp:attachment":[{"href":"https:\/\/1tile.store\/upcycling%20art\/wp-json\/wp\/v2\/media?parent=4267"}],"curies":[{"name":"wp","href":"https:\/\/api.w.org\/{rel}","templated":true}]}}